{"id":2401,"date":"2021-12-08T16:52:15","date_gmt":"2021-12-08T15:52:15","guid":{"rendered":"https:\/\/hotel-roosevelt.com\/disclaimer\/"},"modified":"2024-04-15T18:32:10","modified_gmt":"2024-04-15T16:32:10","slug":"disclaimer","status":"publish","type":"page","link":"https:\/\/hotel-roosevelt.com\/de\/disclaimer\/","title":{"rendered":"Disclaimer"},"content":{"rendered":"<p>[et_pb_section fb_built=&#8221;1&#8243; _builder_version=&#8221;4.16&#8243; _module_preset=&#8221;default&#8221; background_image=&#8221;https:\/\/hotel-roosevelt.com\/wp-content\/uploads\/2021\/11\/offers-banner-1.jpg&#8221; height=&#8221;500px&#8221; global_colors_info=&#8221;{}&#8221;][\/et_pb_section][et_pb_section fb_built=&#8221;1&#8243; _builder_version=&#8221;4.16&#8243; _module_preset=&#8221;default&#8221; custom_padding=&#8221;37px||117px|||&#8221; global_colors_info=&#8221;{}&#8221;][et_pb_row module_class=&#8221;box-shadow-section&#8221; _builder_version=&#8221;4.16&#8243; _module_preset=&#8221;default&#8221; max_width=&#8221;1080px&#8221; custom_padding=&#8221;0px||9px|||&#8221; locked=&#8221;off&#8221; global_colors_info=&#8221;{}&#8221;][et_pb_column type=&#8221;4_4&#8243; _builder_version=&#8221;4.16&#8243; _module_preset=&#8221;default&#8221; global_colors_info=&#8221;{}&#8221;][et_pb_text _builder_version=&#8221;4.16&#8243; _module_preset=&#8221;default&#8221; header_font=&#8221;|300|||||||&#8221; header_font_size=&#8221;42px&#8221; text_orientation=&#8221;center&#8221; custom_padding=&#8221;42px|||||&#8221; global_colors_info=&#8221;{}&#8221;]<\/p>\n<h1><span>Disclaimer<\/span><\/h1>\n<p>[\/et_pb_text][et_pb_text _builder_version=&#8221;4.16&#8243; _module_preset=&#8221;default&#8221; text_font_size=&#8221;16px&#8221; global_colors_info=&#8221;{}&#8221;]<\/p>\n<p>URL: hotel-roosevelt.com<\/p>\n<p>Company, organization: H\u00f4tel Le Roosevelt<\/p>\n<p>Registered Offices:<\/p>\n<p>Hotel Le Roosevelt<\/p>\n<p>48, Rue de S\u00e8ze<\/p>\n<p>69006 Lyon &#8211; FRANCE<\/p>\n<p>Tel: +33 4 78 52 35 67<\/p>\n<p>Fax: +33 4 78 52 39 82<\/p>\n<p>info@hotel-roosevelt.com<\/p>\n<p>Shared capital: 100 000 EurosRCS : 421 064 411<\/p>\n<p>SIRET: 421 064 411 000 18<\/p>\n<p>VAT number: FR 75 421 064 411<\/p>\n<p>Purpose of site: Promotion of the establishment<\/p>\n<p>Director of publication, legal representative: M. Laurent JAUMES<\/p>\n<p>Editorial Manager: M. Laurent JAUMES<\/p>\n<p>Photography: Alexandre Moulard &#8211; Du lait pour les f\u00e9es et Gr\u00e9gory Picout<\/p>\n<p>Web hosting : Soci\u00e9t\u00e9 IDEAL-COM Interactive<\/p>\n<p>Host : Soci\u00e9t\u00e9 OVH<\/p>\n<p>Der Hauptsitz : 2, rue Kellermann \u2013 59100 Roubaix \u2013 France<\/p>\n<p><span style=\"font-size: 16px;\">Bei Bedarf k\u00f6nnen Sie sich an den Kundenservice des Roosevelt Hotel wenden. Sollte innerhalb von 15 Tagen keine zufriedenstellende Antwort eingehen, kann sich der k\u00fcnde an den Tourismus und Reisevermittler wenden, dessen kontaktdaten, unten aufgef\u00fchrt sind :<\/span><\/p>\n<p><span style=\"font-size: 16px; font-family: 'Courier New', monospace;\">Tourismus- und Reisevermittlung <\/span><\/p>\n<p><span style=\"font-size: 16px; font-family: 'Courier New', monospace;\">BP 80 303 <\/span><\/p>\n<p><span style=\"font-size: 16px; font-family: 'Courier New', monospace;\">75 823\u00a0<\/span><span class=\"Y2IQFc\" lang=\"de\">Paris Cedex 17<\/span><\/p>\n<p><span class=\"Y2IQFc\" lang=\"de\">Website: <a href=\"http:\/\/www.mtv.travel\">www.mtv.travel<\/a><\/span><\/p>\n<p><span class=\"Y2IQFc\" lang=\"de\"><\/span><\/p>\n<p>The site presents:<\/p>\n<p>\u25cf Informative content<\/p>\n<p>\u25cf A collection of personal data online<\/p>\n<p>Recht der Datenverarbeitung und Freiheit: Die Website ist Gegenstand einer Erkl\u00e4rung bei der Nationalen Kommission f\u00fcr Datenverarbeitung und Freiheit. Sie haben das Recht auf Zugang, \u00c4nderung, Berichtigung und L\u00f6schung der Sie betreffenden Daten (Art. 34 des Gesetzes \u201eInformatique et Libert\u00e9s\u201c). Um dieses Recht auszu\u00fcben, wenden Sie sich bitte an: info@hotel-roosevelt.com<\/p>\n<p>Eigentum: Die Website und die darin enthaltenen Informationen sind durch das franz\u00f6sische Gesetz zum geistigen Eigentum und durch internationale Abkommen gesch\u00fctzt. Au\u00dfer zur Nutzung im Familienkreis oder zur privaten Nutzung d\u00fcrfen die Website und kein Element ihres Inhalts ohne vorherige Genehmigung der Rechteinhaber reproduziert, neu ver\u00f6ffentlicht, transkribiert, modifiziert oder weiter \u00fcbertragen werden.<\/p>\n<p>[\/et_pb_text][et_pb_text _builder_version=&#8221;4.16&#8243; _module_preset=&#8221;default&#8221; custom_padding=&#8221;64px||||false|false&#8221; global_colors_info=&#8221;{}&#8221;]<\/p>\n<h2>Vorschlag f\u00fcr eine Rubrik &#8220;Privatsph\u00e4re&#8221; der Partnerunternehmen des Programms (11-09-2020)<\/h2>\n<ul>\n<li>Datenschutz<br \/>Verantwortlich f\u00fcr die Bearbeitung Ihrer pers\u00f6nlichen Daten ist:<br \/>H\u00f4tel Le Roosevelt, M. Laurent JAUMES, 48 rue de S\u00e8ze, 69006 LYON, Frankreich ;<br \/>Gewisse Leistungen werden an folgende Unternehmen untervergeben:\n<ul>\n<li>Kundenkenntnis und operativer Betrieb (E-Mail-Kampagnen)\n<ul>\n<li>ONLYLYON Tourisme et Congr\u00e8s<br \/>Place Bellecour, BP 2254, 69214 Lyon Cedex 02, Frankreich<br \/>Responsable Virginie Carton, Directrice G\u00e9n\u00e9rale<br \/>N\u00b0 SIRET : 779 832 252 00018<\/li>\n<\/ul>\n<\/li>\n<li>Technische Dienstleistungen (Hosting, Deduplizierung, Datenqualit\u00e4t, Aggregation, Anonymisierung usw.):\n<ul>\n<li>ONLYLYON Tourisme et Congr\u00e8s<br \/>Place Bellecour, BP 2254, 69214 Lyon Cedex 02, Frankreich<br \/>Responsable Virginie Carton, Directrice G\u00e9n\u00e9rale<br \/>N\u00b0 SIRET : 779 832 252 00018<\/li>\n<li>DATASULTING<br \/>145 Rue J\u00e9r\u00e9my Bentham, 34470 P\u00e9rols, Frankreich<br \/>Responsable M Gael Philippe, Pr\u00e9sident<br \/>N\u00b0 SIRET : 793 846 247 00047<\/li>\n<\/ul>\n<\/li>\n<\/ul>\n<p>Gem\u00e4\u00df Art. 28 DSGVO sind besagte Dienstleister an strenge Vertraulichkeitsklauseln gebunden, die ihnen jegliche, im jeweiligen Dienstleistungsvertrag nicht ausdr\u00fccklich erw\u00e4hnte Nutzung der ihnen anvertrauten Daten untersagen, und sie zur Umsetzung technischer und organisatorischer Ma\u00dfnahmen verpflichten, die den Anforderungen an die Sicherheit und den Schutz personenbezogener Daten gen\u00fcgen.<\/p>\n<\/li>\n<li>Zweck der Verarbeitung<br \/>Erhebung und Verarbeitung Ihrer personenbezogenen Daten\n<ul>\n<li>erfolgen im Rahmen der Erf\u00fcllung eines Vertrags, dessen Vertragspartei Sie sind (Vertragsmanagement, Bestellungen, Lieferungen und Rechnungen, Buchhaltung und insbesondere Kundenmanagement und die Bearbeitung von Beschwerden usw.).<\/li>\n<li>sollen der Erf\u00fcllung unseres berechtigten Interesses an der Entwicklung einer kommerziellen Vorgehensweise dienen, die darin besteht, Sie, sofern Sie nicht widersprechen, \u00fcber unsere Produkte und Dienstleistungen zu informieren, f\u00fcr Letztere zu werben und Sie in den Genuss von Vorzugsangeboten kommen zu lassen (Management von technischen Ma\u00dfnahmen zur Kundengewinnung, Normalisierung, Anreicherung und Deduplizierung von Daten, Auswahl von Personen zur Durchf\u00fchrung von Kundenbindungsma\u00dfnahmen, Kundenwerbung, Umfragen, Produkttests und Werbema\u00dfnahmen, Erstellung von Handelsstatistiken usw.). Einige dieser Vorg\u00e4nge st\u00fctzen sich auf Dienstleister, die unter Einhaltung von Artikel 28 DSGVO t\u00e4tig werden.<\/li>\n<\/ul>\n<p>Wir beteiligen uns an einer Partnerschaft mit verschiedenen Tourismusakteuren am Reiseziel, die zum Ziel hat, unser Kundenwissen zu b\u00fcndeln, unsere Kommunikationsma\u00dfnahmen zu koordinieren und die Kundenbindung zu st\u00e4rken. Die Partner dieses Programms sind folgende Einrichtungen:<\/p>\n<ul>\n<li>Rh\u00f4nexpress<\/li>\n<li>AccorHotels Group<\/li>\n<li>Groupe Arteloge H\u00f4tels<\/li>\n<li>Groupe Authentik H\u00f4tels<\/li>\n<li>Groupe EHotels<\/li>\n<li>H\u00f4tel Globe &amp; Cecil<\/li>\n<li>H\u00f4tel Le Roosevelt<\/li>\n<li>Lyon City Tour<\/li>\n<li>Les Bateaux Lyonnais (groupe Lavorel)<\/li>\n<li>Salon Piscine Global (GL Exhibitions)<\/li>\n<li>Salon Pollutec (Reed Exhibitions)<\/li>\n<li>Mus\u00e9e des Confluences<\/li>\n<li>Le Grand R\u00e9fectoire<\/li>\n<li>Hard Rock Caf\u00e9<\/li>\n<\/ul>\n<p>Die Details des Projekts sowie die aktuelle Liste der Partner finden Sie auf der Seite <a href=\"https:\/\/www.lyon-france.com\/onlylyon-experience\" target=\"_blank\" rel=\"noopener\" title=\"Lyon France\">www.lyon-france.com\/onlylyon-experience<\/a><br \/>Im Rahmen dieser Partnerschaft beauftragen wir unseren Subunternehmer ONLYLYON (Place Bellecour, BP 2254, F-69214 Lyon Cedex 02 &#8211; Frankreich) mit verschiedenen Leistungen im Bereich Customer Knowledge Processing (CKP).<br \/>Die Kundenkenntnis verfolgt das Ziel, das Verhalten der Besucher der Region und der Metropole Lyon zu erkennen und zu verstehen, um sie besser willkommen zu hei\u00dfen, besser mit ihnen zu kommunizieren (beispielsweise zu vermeiden, in einem bestimmten Zeitraum drei \u00e4hnliche Mitteilungen verschiedener Akteure Lyons zu versenden) und ihnen ein m\u00f6glichst relevantes und individuelles Besuchererlebnis zu bieten. Die im Rahmen des Customer Knowledge Processing verwendeten Daten werden anonymisiert. Dar\u00fcber hinaus ist es untersagt, externe Daten von Anbietern, die nicht am Konsortium beteiligt sind, in die Verarbeitung von Customer Knowledge einzubeziehen. Des Weiteren sieht die Partnerschaft keinerlei Austausch oder eine Abtretung von Daten zwischen den Partnern vor.<br \/>Des Weiteren wird das Ziel verfolgt, die Kundenbeziehung w\u00e4hrend des Aufenthalts und im weiteren Verlauf im Namen aller Partner durch touristische und nicht-kommerzielle Informationsinhalte zu beleben. Besagte Animation der Kundenbeziehung vor, w\u00e4hrend und nach dem Aufenthalt erfolgt entweder \u00fcber s\u00e4mtliche entsprechende Dateien aller Partner im Rahmen der Bewerbung des Reiseziels, oder im Auftrag eines bestimmten Partners und in diesem Fall nur \u00fcber die Kundendatei des Partners.<\/p>\n<\/li>\n<li>Erhobene Daten<br \/>Zum Zweck der in \u00a7 2 beschriebenen Verarbeitung werden folgende Daten erhoben und prozessiert:\n<ul>\n<li>Die Identit\u00e4t: Anrede, Name, Vornamen, Adresse, Telefonnummer (Festnetz und\/oder Mobiltelefon), Faxnummer, E-Mail-Adressen, Geburtsdatum, interner Bearbeitungscode zur Identifizierung des Kunden.<\/li>\n<li>Daten zu den Zahlungsmitteln: Post- oder Bankauszug, ggf. Schecknummer, Kreditkartennummer, G\u00fcltigkeitsdatum der Kreditkarte;<\/li>\n<li>Transaktionsdaten wie die Transaktionsnummer, Einzelheiten zum Kauf, zum Abo, zur Ware oder zur abonnierten Dienstleistung;<\/li>\n<li>Die famili\u00e4re, wirtschaftliche und finanzielle Situation: Personenstand, Anzahl Personen im Haushalt, Anzahl und Alter des Kindes\/der Kinder im Haushalt, Beruf, T\u00e4tigkeitsbereich, Berufskategorie, Vorhandensein von Haustieren;<\/li>\n<li>Daten zur Pflege der Gesch\u00e4ftsbeziehung: Anfragen nach Unterlagen, Testanfragen, gekaufte Produkte, abonnierte Dienstleistungen oder laufende Abos, Menge, Betrag, H\u00e4ufigkeit, Lieferadresse, Kauf- und Dienstleistungshistorie, R\u00fcckgabe von Produkten, Ursprung des Verkaufs (Verk\u00e4ufer, Vertreter, Partner, Mitglied) oder der Bestellung, Kundenkorrespondenz und Kundendienst, Austausch und Kommentare von Kunden und Interessenten, Person(en), die f\u00fcr die Kundenbeziehung zust\u00e4ndig ist\/sind;<\/li>\n<li>Daten in Bezug auf die Begleichung von Rechnungen: Zahlungsmodalit\u00e4ten, gew\u00e4hrte Rabatte, Quittungen, Restbetr\u00e4ge und unbezahlte Rechnungen.<\/li>\n<li>Daten zu den Beitr\u00e4gen von Personen, die Bewertungen zu Produkten, Dienstleistungen oder Inhalten abgeben, einschlie\u00dflich ihres Pseudonyms.<\/li>\n<\/ul>\n<\/li>\n<li>Empf\u00e4nger der Daten<br \/>Die Empf\u00e4nger Ihrer personenbezogenen Daten sind unsere eigenen Verwaltungsteams sowie die unserer Subunternehmer.<\/li>\n<li>Dauer der Speicherung<br \/>Personenbezogene Daten \u00fcber Kunden, die im Rahmen des in \u00a7 2 beschriebenen Zwecks erhoben wurden, werden f\u00fcr einen Zeitraum von f\u00fcnf Jahren nach Beendigung der Gesch\u00e4ftsbeziehung aufbewahrt. Diese Dauer ber\u00fccksichtigt den allgemein beobachteten Aufenthaltszyklus in Bezug auf die Besucherzahlen im Fremdenverkehr.<br \/>Daten, die zum Nachweis eines Rechts oder eines Vertrags dienen oder zur Erf\u00fcllung einer gesetzlichen Verpflichtung aufbewahrt werden, k\u00f6nnen \u00fcber einen l\u00e4ngeren Zeitraum hinweg gespeichert und gem\u00e4\u00df den geltenden Bestimmungen (insbesondere denen des franz\u00f6sischen Handelsgesetzbuchs, des franz\u00f6sischen Zivilgesetzbuchs oder des franz\u00f6sischen Verbrauchergesetzbuchs) archiviert werden.<br \/>Personenbezogene Daten eines Interessenten bzw. Nicht-Kunden k\u00f6nnen bis zu drei Jahre nach ihrer Erhebung durch den f\u00fcr die Verarbeitung verantwortlichen Sachbearbeiter oder nach der letzten Kontaktaufnahme durch den Interessenten (z. B. Anforderung von Unterlagen) aufbewahrt werden.<\/li>\n<li>Zugriffsrecht und Widerspruchsrecht<br \/>Gem\u00e4\u00df den Bestimmungen der Artikel 38, 39 &amp; 40 des frz. Gesetzes vom Januar 78 haben Sie ein Recht auf Zugang, Berichtigung und &#8211; aus berechtigten Gr\u00fcnden &#8211; auf Widerspruch gegen die Erhebung und Verarbeitung Ihrer personenbezogenen Daten.<br \/>Das Recht auf Zugang wird durch einfaches Schreiben ausge\u00fcbt, zu richten an: <strong>ONLYLYON Tourisme et Congr\u00e8s, \u00e0 l\u2019attention du D\u00e9l\u00e9gu\u00e9 \u00e0 la Protection des Donn\u00e9es, Place Bellecour \u2013 BP 2254 \u2013 69214 LYON CEDEX 02 France<\/strong><br \/>In bestimmten F\u00e4llen kann die Nicht-Bereitstellung der in \u00a7 3 genannten erforderlichen Informationen dazu f\u00fchren, dass Ihre Registrierung als Kunde und die Erf\u00fcllung des Vertrags \u00fcber den Verkauf eines Produkts oder einer Dienstleistung nicht mehr m\u00f6glich sind und Sie daher auf den Vertrag verzichten m\u00fcssen.<br \/>Wir k\u00f6nnen Ihre Daten f\u00fcr kommerzielle elektronische Kommunikationen per E-Mail oder SMS verwenden, die sich auf Produkte oder Dienstleistungen beziehen, die den von Ihnen erworbenen oder abonnierten Produkten oder Dienstleistungen \u00e4hnlich sind. . Ihre Daten k\u00f6nnen auch von unserem Subunternehmer ONLYLYON (Place Bellecour, BP 2254, F-69214 Lyon Cedex 02 &#8211; Frankreich) verwendet werden, um in unserem Namen und auf unsere Rechnung per E-Mail oder SMS-Nachrichten mit Informationsinhalten \u00fcber Veranstaltungen am Reiseziel (Newsletter) zu versenden.<br \/>Gem\u00e4\u00df den geltenden gesetzlichen Bestimmungen haben Sie die M\u00f6glichkeit, den Empfang dieser Art von Mitteilungen bei der Erhebung Ihrer personenbezogenen Daten sowie auf den entsprechenden Datentr\u00e4gern (Buchung, Vertrag, Anmeldung, Online-Formular usw.) zu unterbinden. Sie k\u00f6nnen Ihr Widerspruchsrecht auch zu einem sp\u00e4teren Zeitpunkt aus\u00fcben, indem Sie den Ad-hoc-Link verwenden, der in der Fu\u00dfzeile jeder Nachricht erscheint.<\/li>\n<\/ul>\n<p>&nbsp;<\/p>\n<p>[\/et_pb_text][\/et_pb_column][\/et_pb_row][\/et_pb_section]<\/p>\n","protected":false},"excerpt":{"rendered":"<p>DisclaimerURL: hotel-roosevelt.com Company, organization: H\u00f4tel Le Roosevelt Registered Offices: Hotel Le Roosevelt 48, Rue de S\u00e8ze 69006 Lyon &#8211; FRANCE Tel: +33 4 78 52 35 67 Fax: +33 4 78 52 39 82 info@hotel-roosevelt.com Shared capital: 100 000 EurosRCS : 421 064 411 SIRET: 421 064 411 000 18 VAT number: FR 75 421 [&hellip;]<\/p>\n","protected":false},"author":2,"featured_media":0,"parent":0,"menu_order":0,"comment_status":"closed","ping_status":"closed","template":"","meta":{"_et_pb_use_builder":"on","_et_pb_old_content":"","_et_gb_content_width":"","footnotes":""},"class_list":["post-2401","page","type-page","status-publish","hentry"],"yoast_head":"<!-- This site is optimized with the Yoast SEO plugin v27.3 - https:\/\/yoast.com\/product\/yoast-seo-wordpress\/ -->\n<title>Disclaimer - H\u00f4tel Roosevelt<\/title>\n<meta name=\"robots\" content=\"index, follow, max-snippet:-1, max-image-preview:large, max-video-preview:-1\" \/>\n<link rel=\"canonical\" href=\"https:\/\/hotel-roosevelt.com\/mentions-legales-cgv\/\" \/>\n<meta property=\"og:locale\" content=\"de_DE\" \/>\n<meta property=\"og:type\" content=\"article\" \/>\n<meta property=\"og:title\" content=\"Disclaimer - H\u00f4tel Roosevelt\" \/>\n<meta property=\"og:description\" content=\"DisclaimerURL: hotel-roosevelt.com Company, organization: H\u00f4tel Le Roosevelt Registered Offices: Hotel Le Roosevelt 48, Rue de S\u00e8ze 69006 Lyon - FRANCE Tel: +33 4 78 52 35 67 Fax: +33 4 78 52 39 82 info@hotel-roosevelt.com Shared capital: 100 000 EurosRCS : 421 064 411 SIRET: 421 064 411 000 18 VAT number: FR 75 421 [&hellip;]\" \/>\n<meta property=\"og:url\" content=\"https:\/\/hotel-roosevelt.com\/mentions-legales-cgv\/\" \/>\n<meta property=\"og:site_name\" content=\"H\u00f4tel Roosevelt\" \/>\n<meta property=\"article:modified_time\" content=\"2024-04-15T16:32:10+00:00\" \/>\n<meta name=\"twitter:card\" content=\"summary_large_image\" \/>\n<meta name=\"twitter:label1\" content=\"Est. reading time\" \/>\n\t<meta name=\"twitter:data1\" content=\"8 minutes\" \/>\n<script type=\"application\/ld+json\" class=\"yoast-schema-graph\">{\"@context\":\"https:\\\/\\\/schema.org\",\"@graph\":[{\"@type\":\"WebPage\",\"@id\":\"https:\\\/\\\/hotel-roosevelt.com\\\/mentions-legales-cgv\\\/\",\"url\":\"https:\\\/\\\/hotel-roosevelt.com\\\/mentions-legales-cgv\\\/\",\"name\":\"Disclaimer - H\u00f4tel Roosevelt\",\"isPartOf\":{\"@id\":\"https:\\\/\\\/hotel-roosevelt.com\\\/#website\"},\"datePublished\":\"2021-12-08T15:52:15+00:00\",\"dateModified\":\"2024-04-15T16:32:10+00:00\",\"breadcrumb\":{\"@id\":\"https:\\\/\\\/hotel-roosevelt.com\\\/mentions-legales-cgv\\\/#breadcrumb\"},\"inLanguage\":\"de-DE\",\"potentialAction\":[{\"@type\":\"ReadAction\",\"target\":[\"https:\\\/\\\/hotel-roosevelt.com\\\/mentions-legales-cgv\\\/\"]}]},{\"@type\":\"BreadcrumbList\",\"@id\":\"https:\\\/\\\/hotel-roosevelt.com\\\/mentions-legales-cgv\\\/#breadcrumb\",\"itemListElement\":[{\"@type\":\"ListItem\",\"position\":1,\"name\":\"Accueil\",\"item\":\"https:\\\/\\\/hotel-roosevelt.com\\\/\"},{\"@type\":\"ListItem\",\"position\":2,\"name\":\"Disclaimer\"}]},{\"@type\":\"WebSite\",\"@id\":\"https:\\\/\\\/hotel-roosevelt.com\\\/#website\",\"url\":\"https:\\\/\\\/hotel-roosevelt.com\\\/\",\"name\":\"H\u00f4tel Roosevelt\",\"description\":\"OFFIZIELLE SEITE  | Die besten Preise!\",\"potentialAction\":[{\"@type\":\"SearchAction\",\"target\":{\"@type\":\"EntryPoint\",\"urlTemplate\":\"https:\\\/\\\/hotel-roosevelt.com\\\/?s={search_term_string}\"},\"query-input\":{\"@type\":\"PropertyValueSpecification\",\"valueRequired\":true,\"valueName\":\"search_term_string\"}}],\"inLanguage\":\"de-DE\"}]}<\/script>\n<!-- \/ Yoast SEO plugin. -->","yoast_head_json":{"title":"Disclaimer - H\u00f4tel Roosevelt","robots":{"index":"index","follow":"follow","max-snippet":"max-snippet:-1","max-image-preview":"max-image-preview:large","max-video-preview":"max-video-preview:-1"},"canonical":"https:\/\/hotel-roosevelt.com\/mentions-legales-cgv\/","og_locale":"de_DE","og_type":"article","og_title":"Disclaimer - H\u00f4tel Roosevelt","og_description":"DisclaimerURL: hotel-roosevelt.com Company, organization: H\u00f4tel Le Roosevelt Registered Offices: Hotel Le Roosevelt 48, Rue de S\u00e8ze 69006 Lyon - FRANCE Tel: +33 4 78 52 35 67 Fax: +33 4 78 52 39 82 info@hotel-roosevelt.com Shared capital: 100 000 EurosRCS : 421 064 411 SIRET: 421 064 411 000 18 VAT number: FR 75 421 [&hellip;]","og_url":"https:\/\/hotel-roosevelt.com\/mentions-legales-cgv\/","og_site_name":"H\u00f4tel Roosevelt","article_modified_time":"2024-04-15T16:32:10+00:00","twitter_card":"summary_large_image","twitter_misc":{"Est. reading time":"8 minutes"},"schema":{"@context":"https:\/\/schema.org","@graph":[{"@type":"WebPage","@id":"https:\/\/hotel-roosevelt.com\/mentions-legales-cgv\/","url":"https:\/\/hotel-roosevelt.com\/mentions-legales-cgv\/","name":"Disclaimer - H\u00f4tel Roosevelt","isPartOf":{"@id":"https:\/\/hotel-roosevelt.com\/#website"},"datePublished":"2021-12-08T15:52:15+00:00","dateModified":"2024-04-15T16:32:10+00:00","breadcrumb":{"@id":"https:\/\/hotel-roosevelt.com\/mentions-legales-cgv\/#breadcrumb"},"inLanguage":"de-DE","potentialAction":[{"@type":"ReadAction","target":["https:\/\/hotel-roosevelt.com\/mentions-legales-cgv\/"]}]},{"@type":"BreadcrumbList","@id":"https:\/\/hotel-roosevelt.com\/mentions-legales-cgv\/#breadcrumb","itemListElement":[{"@type":"ListItem","position":1,"name":"Accueil","item":"https:\/\/hotel-roosevelt.com\/"},{"@type":"ListItem","position":2,"name":"Disclaimer"}]},{"@type":"WebSite","@id":"https:\/\/hotel-roosevelt.com\/#website","url":"https:\/\/hotel-roosevelt.com\/","name":"H\u00f4tel Roosevelt","description":"OFFIZIELLE SEITE  | Die besten Preise!","potentialAction":[{"@type":"SearchAction","target":{"@type":"EntryPoint","urlTemplate":"https:\/\/hotel-roosevelt.com\/?s={search_term_string}"},"query-input":{"@type":"PropertyValueSpecification","valueRequired":true,"valueName":"search_term_string"}}],"inLanguage":"de-DE"}]}},"_links":{"self":[{"href":"https:\/\/hotel-roosevelt.com\/de\/wp-json\/wp\/v2\/pages\/2401","targetHints":{"allow":["GET"]}}],"collection":[{"href":"https:\/\/hotel-roosevelt.com\/de\/wp-json\/wp\/v2\/pages"}],"about":[{"href":"https:\/\/hotel-roosevelt.com\/de\/wp-json\/wp\/v2\/types\/page"}],"author":[{"embeddable":true,"href":"https:\/\/hotel-roosevelt.com\/de\/wp-json\/wp\/v2\/users\/2"}],"replies":[{"embeddable":true,"href":"https:\/\/hotel-roosevelt.com\/de\/wp-json\/wp\/v2\/comments?post=2401"}],"version-history":[{"count":0,"href":"https:\/\/hotel-roosevelt.com\/de\/wp-json\/wp\/v2\/pages\/2401\/revisions"}],"wp:attachment":[{"href":"https:\/\/hotel-roosevelt.com\/de\/wp-json\/wp\/v2\/media?parent=2401"}],"curies":[{"name":"wp","href":"https:\/\/api.w.org\/{rel}","templated":true}]}}