{"id":6285,"date":"2022-03-28T14:53:32","date_gmt":"2022-03-28T12:53:32","guid":{"rendered":"https:\/\/hotel-roosevelt.com\/raum-teddy-seminar-work-play\/"},"modified":"2023-11-07T12:08:23","modified_gmt":"2023-11-07T11:08:23","slug":"der-teddyraum-seminare-tagungen","status":"publish","type":"page","link":"https:\/\/hotel-roosevelt.com\/de\/der-teddyraum-seminare-tagungen\/","title":{"rendered":"Der Teddyraum &#8211; Seminare &amp; Tagungen"},"content":{"rendered":"<p>[et_pb_section fb_built=&#8221;1&#8243; admin_label=&#8221;section&#8221; _builder_version=&#8221;4.17.0&#8243; background_image=&#8221;https:\/\/hotel-roosevelt.com\/wp-content\/uploads\/2022\/04\/Seminaire_Header.jpg&#8221; height=&#8221;400px&#8221; filter_brightness=&#8221;80%&#8221; global_colors_info=&#8221;{}&#8221;][et_pb_row admin_label=&#8221;row&#8221; _builder_version=&#8221;4.16&#8243; background_size=&#8221;initial&#8221; background_position=&#8221;top_left&#8221; background_repeat=&#8221;repeat&#8221; global_colors_info=&#8221;{}&#8221;][et_pb_column type=&#8221;4_4&#8243; _builder_version=&#8221;4.16&#8243; custom_padding=&#8221;|||&#8221; global_colors_info=&#8221;{}&#8221; custom_padding__hover=&#8221;|||&#8221;][\/et_pb_column][\/et_pb_row][\/et_pb_section][et_pb_section fb_built=&#8221;1&#8243; _builder_version=&#8221;4.17.0&#8243; _module_preset=&#8221;default&#8221; custom_padding=&#8221;||0px|||&#8221; global_colors_info=&#8221;{}&#8221;][et_pb_row _builder_version=&#8221;4.17.0&#8243; _module_preset=&#8221;default&#8221; global_colors_info=&#8221;{}&#8221;][et_pb_column type=&#8221;4_4&#8243; _builder_version=&#8221;4.17.0&#8243; _module_preset=&#8221;default&#8221; global_colors_info=&#8221;{}&#8221;][et_pb_text _builder_version=&#8221;4.19.0&#8243; _module_preset=&#8221;default&#8221; header_3_font=&#8221;Parisienne||||||||&#8221; header_3_font_size=&#8221;66px&#8221; locked=&#8221;off&#8221; global_colors_info=&#8221;{}&#8221;]<\/p>\n<h3 style=\"text-align: center;\">Der Teddyraum<\/h3>\n<p>[\/et_pb_text][et_pb_text _builder_version=&#8221;4.19.0&#8243; _module_preset=&#8221;default&#8221; locked=&#8221;off&#8221; global_colors_info=&#8221;{}&#8221;]<\/p>\n<h1 style=\"text-align: center;\">Orte zum Leben und f\u00fcr Veranstaltungen &#8211; <em>f\u00fcr Berufst\u00e4tige und Privatpersonen<\/em><\/h1>\n<p>[\/et_pb_text][et_pb_text _builder_version=&#8221;4.19.1&#8243; _module_preset=&#8221;default&#8221; header_3_text_color=&#8221;#B89547&#8243; locked=&#8221;off&#8221; global_colors_info=&#8221;{}&#8221;]<\/p>\n<h3 style=\"font-size: 16px; text-align: left;\"><span style=\"font-size: x-large;\"><span style=\"color: #b89547;\">Auf der Suche nach einem Ort<\/span> f\u00fcr Ihre Veranstaltung?<\/span><\/h3>\n<p>[\/et_pb_text][et_pb_text _builder_version=&#8221;4.19.0&#8243; _module_preset=&#8221;default&#8221; text_line_height=&#8221;2.2em&#8221; header_3_line_height=&#8221;1.5em&#8221; locked=&#8221;off&#8221; global_colors_info=&#8221;{}&#8221;]<\/p>\n<h3 style=\"font-size: 16px; text-align: left;\"><span style=\"font-size: large;\"><span class=\"markedContent\" id=\"page82R_mcid5\"><span role=\"presentation\" dir=\"ltr\">Der Espace Teddy ist die ideale Adresse, um sich mit Kollegen oder Freunden zu treffen, in <\/span><\/span><span class=\"markedContent\" id=\"page82R_mcid6\"><span role=\"presentation\" dir=\"ltr\">mitten im 6. Arrondissement von Lyon. <\/span><\/span> <\/span><\/h3>\n<h3 style=\"font-size: 16px; text-align: left;\"><span style=\"font-size: large;\"><span class=\"markedContent\" id=\"page82R_mcid6\"><span role=\"presentation\" dir=\"ltr\">Vollst\u00e4ndig renoviert und ausgestattet, <\/span><\/span><span class=\"markedContent\" id=\"page82R_mcid7\"><span role=\"presentation\" dir=\"ltr\">unsere R\u00e4ume bieten Ihnen 80m\u00b2 Platz, um Ihren W\u00fcnschen gerecht zu werden.<\/span><\/span><\/span><\/h3>\n<p>[\/et_pb_text][\/et_pb_column][\/et_pb_row][et_pb_row column_structure=&#8221;1_2,1_2&#8243; _builder_version=&#8221;4.17.0&#8243; _module_preset=&#8221;default&#8221; global_colors_info=&#8221;{}&#8221;][et_pb_column type=&#8221;1_2&#8243; _builder_version=&#8221;4.17.0&#8243; _module_preset=&#8221;default&#8221; global_colors_info=&#8221;{}&#8221;][et_pb_image src=&#8221;https:\/\/hotel-roosevelt.com\/wp-content\/uploads\/2022\/11\/Espace_Seminaire_Hotel_Roosevelt_1.jpeg&#8221; title_text=&#8221;Espace_Seminaire_Hotel_Roosevelt_1&#8243; _builder_version=&#8221;4.19.1&#8243; _module_preset=&#8221;default&#8221; locked=&#8221;off&#8221; global_colors_info=&#8221;{}&#8221;][\/et_pb_image][\/et_pb_column][et_pb_column type=&#8221;1_2&#8243; _builder_version=&#8221;4.17.0&#8243; _module_preset=&#8221;default&#8221; global_colors_info=&#8221;{}&#8221;][et_pb_image src=&#8221;https:\/\/hotel-roosevelt.com\/wp-content\/uploads\/2022\/11\/Espace_Seminaire_Hotel_Roosevelt_2.jpeg&#8221; title_text=&#8221;Espace_Seminaire_Hotel_Roosevelt_2&#8243; _builder_version=&#8221;4.19.1&#8243; _module_preset=&#8221;default&#8221; locked=&#8221;off&#8221; global_colors_info=&#8221;{}&#8221;][\/et_pb_image][\/et_pb_column][\/et_pb_row][et_pb_row _builder_version=&#8221;4.17.0&#8243; _module_preset=&#8221;default&#8221; custom_padding=&#8221;0px||2px|||&#8221; global_colors_info=&#8221;{}&#8221;][et_pb_column type=&#8221;4_4&#8243; _builder_version=&#8221;4.17.0&#8243; _module_preset=&#8221;default&#8221; global_colors_info=&#8221;{}&#8221;][et_pb_button button_url=&#8221;https:\/\/hotel-roosevelt.com\/wp-content\/uploads\/2022\/11\/plaquette-espace-teddy.pdf&#8221; button_text=&#8221;ich entdecke&#8221; button_alignment=&#8221;center&#8221; _builder_version=&#8221;4.19.1&#8243; _module_preset=&#8221;default&#8221; custom_button=&#8221;on&#8221; button_text_size=&#8221;16px&#8221; button_text_color=&#8221;#b89547&#8243; button_bg_color=&#8221;#FFFFFF&#8221; button_border_width=&#8221;3px&#8221; button_border_color=&#8221;#B89547&#8243; button_border_radius=&#8221;2px&#8221; button_font=&#8221;Josefin Sans|||on|||||&#8221; button_use_icon=&#8221;off&#8221; custom_margin=&#8221;0%||40px||false|false&#8221; custom_padding=&#8221;15px|34px|15px|34px|true|true&#8221; hover_transition_speed_curve=&#8221;ease-in-out&#8221; global_colors_info=&#8221;{}&#8221; button_bg_color__hover_enabled=&#8221;on|desktop&#8221; button_bg_color__hover=&#8221;#b89547&#8243; button_bg_enable_color__hover=&#8221;on&#8221; button_text_color__hover_enabled=&#8221;on|desktop&#8221; button_text_color__hover=&#8221;#FFFFFF&#8221;][\/et_pb_button][et_pb_text _builder_version=&#8221;4.19.0&#8243; _module_preset=&#8221;default&#8221; locked=&#8221;off&#8221; global_colors_info=&#8221;{}&#8221;]<\/p>\n<h1 style=\"text-align: center;\"><span class=\"markedContent\" id=\"page82R_mcid8\"><span role=\"presentation\" dir=\"ltr\">Lassen Sie uns die Veranstaltung gestalten, die zu Ihnen passt!<\/span><\/span><\/h1>\n<p>[\/et_pb_text][\/et_pb_column][\/et_pb_row][et_pb_row column_structure=&#8221;1_2,1_2&#8243; _builder_version=&#8221;4.17.0&#8243; _module_preset=&#8221;default&#8221; global_colors_info=&#8221;{}&#8221;][et_pb_column type=&#8221;1_2&#8243; _builder_version=&#8221;4.17.0&#8243; _module_preset=&#8221;default&#8221; global_colors_info=&#8221;{}&#8221;][et_pb_text _builder_version=&#8221;4.19.0&#8243; _module_preset=&#8221;default&#8221; text_text_color=&#8221;#FFFFFF&#8221; background_color=&#8221;#b89547&#8243; custom_padding=&#8221;5%||5%||true|false&#8221; border_width_all=&#8221;4px&#8221; border_color_all=&#8221;#b89547&#8243; locked=&#8221;off&#8221; global_colors_info=&#8221;{}&#8221; background__hover_enabled=&#8221;on|desktop&#8221; background_color__hover=&#8221;#ffffff&#8221; background_enable_color__hover=&#8221;on&#8221; text_text_color__hover_enabled=&#8221;on|hover&#8221; text_text_color__hover=&#8221;#B89547&#8243; border_radii__hover_enabled=&#8221;on|hover&#8221; border_radii__hover=&#8221;on|2px|2px|2px|2px&#8221; border_color_all__hover_enabled=&#8221;on|hover&#8221; border_color_all__hover=&#8221;#B89547&#8243;]<\/p>\n<p style=\"text-align: center;\"><span class=\"markedContent\" id=\"page82R_mcid9\" style=\"font-size: x-large;\"><span role=\"presentation\" dir=\"ltr\">F\u00fcr Berufst\u00e4tige&#8230;<\/span><\/span><\/p>\n<p style=\"text-align: center;\"><span class=\"markedContent\"><span role=\"presentation\" dir=\"ltr\"><span class=\"markedContent\" id=\"page82R_mcid11\">Organisieren Sie Ihre<\/span><span class=\"markedContent\" id=\"page82R_mcid12\"><strong> <\/strong>Seminare,<\/span><strong><span class=\"markedContent\" id=\"page82R_mcid13\">Teamsitzungen<\/span><\/strong><span class=\"markedContent\" id=\"page82R_mcid14\"> oder<\/span><span class=\"markedContent\" id=\"page82R_mcid15\"><br role=\"presentation\"> <strong>Teambildung<\/strong><\/span><span class=\"markedContent\" id=\"page82R_mcid16\"> in einem Raum<\/span><span class=\"markedContent\" id=\"page82R_mcid17\">herzlich <\/span><\/span><\/span><\/p>\n<p>[\/et_pb_text][\/et_pb_column][et_pb_column type=&#8221;1_2&#8243; _builder_version=&#8221;4.17.0&#8243; _module_preset=&#8221;default&#8221; global_colors_info=&#8221;{}&#8221;][et_pb_text _builder_version=&#8221;4.19.0&#8243; _module_preset=&#8221;default&#8221; text_text_color=&#8221;#FFFFFF&#8221; background_color=&#8221;#b89547&#8243; custom_padding=&#8221;5%||5%||true|false&#8221; border_width_all=&#8221;4px&#8221; border_color_all=&#8221;#b89547&#8243; locked=&#8221;off&#8221; global_colors_info=&#8221;{}&#8221; background__hover_enabled=&#8221;on|desktop&#8221; background_color__hover=&#8221;#ffffff&#8221; background_enable_color__hover=&#8221;on&#8221; text_text_color__hover_enabled=&#8221;on|hover&#8221; text_text_color__hover=&#8221;#B89547&#8243; border_radii__hover_enabled=&#8221;on|hover&#8221; border_radii__hover=&#8221;on|2px|2px|2px|2px&#8221; border_color_all__hover_enabled=&#8221;on|hover&#8221; border_color_all__hover=&#8221;#B89547&#8243;]<\/p>\n<p style=\"text-align: center;\"><span class=\"markedContent\" id=\"page82R_mcid9\" style=\"font-size: x-large;\"><span role=\"presentation\" dir=\"ltr\">F\u00fcr Privatpersonen&#8230;<\/span><\/span><\/p>\n<p style=\"text-align: center;\"><span class=\"markedContent\" id=\"page82R_mcid18\"><span role=\"presentation\" dir=\"ltr\">Schaffen Sie unvergessliche Erinnerungen <\/span><\/span><span class=\"markedContent\" id=\"page82R_mcid19\"><span role=\"presentation\" dir=\"ltr\">mit deinen Lieben bei<\/span><\/span><span class=\"markedContent\" id=\"page82R_mcid20\"><br role=\"presentation\"> <span role=\"presentation\" dir=\"ltr\">Ihre<\/span><\/span><span class=\"markedContent\" id=\"page82R_mcid21\"><span role=\"presentation\" dir=\"ltr\"> <\/span> <strong><span role=\"presentation\" dir=\"ltr\">Geburtstage, Feste und <\/span><\/strong><\/span><strong><span class=\"markedContent\" id=\"page82R_mcid22\"><span role=\"presentation\" dir=\"ltr\">Feiern<\/span><\/span><\/strong><\/p>\n<p>[\/et_pb_text][\/et_pb_column][\/et_pb_row][et_pb_row _builder_version=&#8221;4.17.0&#8243; _module_preset=&#8221;default&#8221; custom_padding=&#8221;0px||1px|||&#8221; global_colors_info=&#8221;{}&#8221;][et_pb_column type=&#8221;4_4&#8243; _builder_version=&#8221;4.17.0&#8243; _module_preset=&#8221;default&#8221; global_colors_info=&#8221;{}&#8221;][et_pb_button button_url=&#8221;mailto:commercial@hotel-roosevelt.com&#8221; button_text=&#8221;KONTAKTIEREN SIE UNS&#8221; button_alignment=&#8221;center&#8221; _builder_version=&#8221;4.23&#8243; _module_preset=&#8221;default&#8221; custom_button=&#8221;on&#8221; button_text_size=&#8221;16px&#8221; button_text_color=&#8221;#b89547&#8243; button_bg_color=&#8221;#FFFFFF&#8221; button_border_width=&#8221;3px&#8221; button_border_color=&#8221;#B89547&#8243; button_border_radius=&#8221;2px&#8221; button_font=&#8221;Josefin Sans|||on|||||&#8221; button_use_icon=&#8221;off&#8221; custom_margin=&#8221;3%||40px||false|false&#8221; custom_padding=&#8221;15px|34px|15px|34px|true|true&#8221; hover_transition_speed_curve=&#8221;ease-in-out&#8221; hover_enabled=&#8221;0&#8243; global_colors_info=&#8221;{}&#8221; button_bg_color__hover_enabled=&#8221;on|desktop&#8221; button_bg_color__hover=&#8221;#b89547&#8243; button_bg_enable_color__hover=&#8221;on&#8221; button_text_color__hover_enabled=&#8221;on|desktop&#8221; button_text_color__hover=&#8221;#FFFFFF&#8221; sticky_enabled=&#8221;0&#8243;][\/et_pb_button][\/et_pb_column][\/et_pb_row][\/et_pb_section]<\/p>\n","protected":false},"excerpt":{"rendered":"<p>Der TeddyraumOrte zum Leben und f\u00fcr Veranstaltungen &#8211; f\u00fcr Berufst\u00e4tige und PrivatpersonenAuf der Suche nach einem Ort f\u00fcr Ihre Veranstaltung?Der Espace Teddy ist die ideale Adresse, um sich mit Kollegen oder Freunden zu treffen, in mitten im 6. Arrondissement von Lyon. Vollst\u00e4ndig renoviert und ausgestattet, unsere R\u00e4ume bieten Ihnen 80m\u00b2 Platz, um Ihren W\u00fcnschen gerecht [&hellip;]<\/p>\n","protected":false},"author":1,"featured_media":0,"parent":0,"menu_order":0,"comment_status":"closed","ping_status":"closed","template":"","meta":{"_et_pb_use_builder":"on","_et_pb_old_content":"","_et_gb_content_width":"","footnotes":""},"class_list":["post-6285","page","type-page","status-publish","hentry"],"yoast_head":"<!-- This site is optimized with the Yoast SEO plugin v27.5 - https:\/\/yoast.com\/product\/yoast-seo-wordpress\/ -->\n<title>Der Teddyraum - Seminare &amp; Tagungen - H\u00f4tel Roosevelt<\/title>\n<meta name=\"robots\" content=\"index, follow, max-snippet:-1, max-image-preview:large, max-video-preview:-1\" \/>\n<link rel=\"canonical\" href=\"https:\/\/hotel-roosevelt.com\/espace-teddy-seminaires-reunions\/\" \/>\n<meta property=\"og:locale\" content=\"de_DE\" \/>\n<meta property=\"og:type\" content=\"article\" \/>\n<meta property=\"og:title\" content=\"Der Teddyraum - Seminare &amp; Tagungen - H\u00f4tel Roosevelt\" \/>\n<meta property=\"og:description\" content=\"Der TeddyraumOrte zum Leben und f\u00fcr Veranstaltungen - f\u00fcr Berufst\u00e4tige und PrivatpersonenAuf der Suche nach einem Ort f\u00fcr Ihre Veranstaltung?Der Espace Teddy ist die ideale Adresse, um sich mit Kollegen oder Freunden zu treffen, in mitten im 6. Arrondissement von Lyon. Vollst\u00e4ndig renoviert und ausgestattet, unsere R\u00e4ume bieten Ihnen 80m\u00b2 Platz, um Ihren W\u00fcnschen gerecht [&hellip;]\" \/>\n<meta property=\"og:url\" content=\"https:\/\/hotel-roosevelt.com\/espace-teddy-seminaires-reunions\/\" \/>\n<meta property=\"og:site_name\" content=\"H\u00f4tel Roosevelt\" \/>\n<meta property=\"article:modified_time\" content=\"2023-11-07T11:08:23+00:00\" \/>\n<meta name=\"twitter:card\" content=\"summary_large_image\" \/>\n<meta name=\"twitter:label1\" content=\"Est. reading time\" \/>\n\t<meta name=\"twitter:data1\" content=\"5 minutes\" \/>\n<script type=\"application\/ld+json\" class=\"yoast-schema-graph\">{\"@context\":\"https:\\\/\\\/schema.org\",\"@graph\":[{\"@type\":\"WebPage\",\"@id\":\"https:\\\/\\\/hotel-roosevelt.com\\\/espace-teddy-seminaires-reunions\\\/\",\"url\":\"https:\\\/\\\/hotel-roosevelt.com\\\/espace-teddy-seminaires-reunions\\\/\",\"name\":\"Der Teddyraum - Seminare &amp; Tagungen - H\u00f4tel Roosevelt\",\"isPartOf\":{\"@id\":\"https:\\\/\\\/hotel-roosevelt.com\\\/#website\"},\"datePublished\":\"2022-03-28T12:53:32+00:00\",\"dateModified\":\"2023-11-07T11:08:23+00:00\",\"breadcrumb\":{\"@id\":\"https:\\\/\\\/hotel-roosevelt.com\\\/espace-teddy-seminaires-reunions\\\/#breadcrumb\"},\"inLanguage\":\"de-DE\",\"potentialAction\":[{\"@type\":\"ReadAction\",\"target\":[\"https:\\\/\\\/hotel-roosevelt.com\\\/espace-teddy-seminaires-reunions\\\/\"]}]},{\"@type\":\"BreadcrumbList\",\"@id\":\"https:\\\/\\\/hotel-roosevelt.com\\\/espace-teddy-seminaires-reunions\\\/#breadcrumb\",\"itemListElement\":[{\"@type\":\"ListItem\",\"position\":1,\"name\":\"Accueil\",\"item\":\"https:\\\/\\\/hotel-roosevelt.com\\\/\"},{\"@type\":\"ListItem\",\"position\":2,\"name\":\"Der Teddyraum &#8211; Seminare &amp; Tagungen\"}]},{\"@type\":\"WebSite\",\"@id\":\"https:\\\/\\\/hotel-roosevelt.com\\\/#website\",\"url\":\"https:\\\/\\\/hotel-roosevelt.com\\\/\",\"name\":\"H\u00f4tel Roosevelt\",\"description\":\"OFFIZIELLE SEITE  | Die besten Preise!\",\"potentialAction\":[{\"@type\":\"SearchAction\",\"target\":{\"@type\":\"EntryPoint\",\"urlTemplate\":\"https:\\\/\\\/hotel-roosevelt.com\\\/?s={search_term_string}\"},\"query-input\":{\"@type\":\"PropertyValueSpecification\",\"valueRequired\":true,\"valueName\":\"search_term_string\"}}],\"inLanguage\":\"de-DE\"}]}<\/script>\n<!-- \/ Yoast SEO plugin. -->","yoast_head_json":{"title":"Der Teddyraum - Seminare &amp; Tagungen - H\u00f4tel Roosevelt","robots":{"index":"index","follow":"follow","max-snippet":"max-snippet:-1","max-image-preview":"max-image-preview:large","max-video-preview":"max-video-preview:-1"},"canonical":"https:\/\/hotel-roosevelt.com\/espace-teddy-seminaires-reunions\/","og_locale":"de_DE","og_type":"article","og_title":"Der Teddyraum - Seminare &amp; Tagungen - H\u00f4tel Roosevelt","og_description":"Der TeddyraumOrte zum Leben und f\u00fcr Veranstaltungen - f\u00fcr Berufst\u00e4tige und PrivatpersonenAuf der Suche nach einem Ort f\u00fcr Ihre Veranstaltung?Der Espace Teddy ist die ideale Adresse, um sich mit Kollegen oder Freunden zu treffen, in mitten im 6. Arrondissement von Lyon. Vollst\u00e4ndig renoviert und ausgestattet, unsere R\u00e4ume bieten Ihnen 80m\u00b2 Platz, um Ihren W\u00fcnschen gerecht [&hellip;]","og_url":"https:\/\/hotel-roosevelt.com\/espace-teddy-seminaires-reunions\/","og_site_name":"H\u00f4tel Roosevelt","article_modified_time":"2023-11-07T11:08:23+00:00","twitter_card":"summary_large_image","twitter_misc":{"Est. reading time":"5 minutes"},"schema":{"@context":"https:\/\/schema.org","@graph":[{"@type":"WebPage","@id":"https:\/\/hotel-roosevelt.com\/espace-teddy-seminaires-reunions\/","url":"https:\/\/hotel-roosevelt.com\/espace-teddy-seminaires-reunions\/","name":"Der Teddyraum - Seminare &amp; Tagungen - H\u00f4tel Roosevelt","isPartOf":{"@id":"https:\/\/hotel-roosevelt.com\/#website"},"datePublished":"2022-03-28T12:53:32+00:00","dateModified":"2023-11-07T11:08:23+00:00","breadcrumb":{"@id":"https:\/\/hotel-roosevelt.com\/espace-teddy-seminaires-reunions\/#breadcrumb"},"inLanguage":"de-DE","potentialAction":[{"@type":"ReadAction","target":["https:\/\/hotel-roosevelt.com\/espace-teddy-seminaires-reunions\/"]}]},{"@type":"BreadcrumbList","@id":"https:\/\/hotel-roosevelt.com\/espace-teddy-seminaires-reunions\/#breadcrumb","itemListElement":[{"@type":"ListItem","position":1,"name":"Accueil","item":"https:\/\/hotel-roosevelt.com\/"},{"@type":"ListItem","position":2,"name":"Der Teddyraum &#8211; Seminare &amp; Tagungen"}]},{"@type":"WebSite","@id":"https:\/\/hotel-roosevelt.com\/#website","url":"https:\/\/hotel-roosevelt.com\/","name":"H\u00f4tel Roosevelt","description":"OFFIZIELLE SEITE  | Die besten Preise!","potentialAction":[{"@type":"SearchAction","target":{"@type":"EntryPoint","urlTemplate":"https:\/\/hotel-roosevelt.com\/?s={search_term_string}"},"query-input":{"@type":"PropertyValueSpecification","valueRequired":true,"valueName":"search_term_string"}}],"inLanguage":"de-DE"}]}},"_links":{"self":[{"href":"https:\/\/hotel-roosevelt.com\/de\/wp-json\/wp\/v2\/pages\/6285","targetHints":{"allow":["GET"]}}],"collection":[{"href":"https:\/\/hotel-roosevelt.com\/de\/wp-json\/wp\/v2\/pages"}],"about":[{"href":"https:\/\/hotel-roosevelt.com\/de\/wp-json\/wp\/v2\/types\/page"}],"author":[{"embeddable":true,"href":"https:\/\/hotel-roosevelt.com\/de\/wp-json\/wp\/v2\/users\/1"}],"replies":[{"embeddable":true,"href":"https:\/\/hotel-roosevelt.com\/de\/wp-json\/wp\/v2\/comments?post=6285"}],"version-history":[{"count":0,"href":"https:\/\/hotel-roosevelt.com\/de\/wp-json\/wp\/v2\/pages\/6285\/revisions"}],"wp:attachment":[{"href":"https:\/\/hotel-roosevelt.com\/de\/wp-json\/wp\/v2\/media?parent=6285"}],"curies":[{"name":"wp","href":"https:\/\/api.w.org\/{rel}","templated":true}]}}