{"id":2244,"date":"2021-12-07T17:25:34","date_gmt":"2021-12-07T16:25:34","guid":{"rendered":"https:\/\/hotel-roosevelt.com\/hotel\/"},"modified":"2023-10-23T10:28:37","modified_gmt":"2023-10-23T08:28:37","slug":"hotel","status":"publish","type":"page","link":"https:\/\/hotel-roosevelt.com\/en\/hotel\/","title":{"rendered":"hotel"},"content":{"rendered":"<p>[et_pb_section fb_built=&#8221;1&#8243; module_class=&#8221;bannerMargin-top&#8221; _builder_version=&#8221;4.23&#8243; _module_preset=&#8221;default&#8221; background_image=&#8221;https:\/\/hotel-roosevelt.com\/wp-content\/uploads\/2022\/11\/Banner_Hotel.jpg&#8221; height=&#8221;400px&#8221; height_tablet=&#8221;250px&#8221; height_phone=&#8221;200px&#8221; height_last_edited=&#8221;on|phone&#8221; hover_enabled=&#8221;0&#8243; global_colors_info=&#8221;{}&#8221; title_text=&#8221;Banner_Hotel&#8221; sticky_enabled=&#8221;0&#8243;][\/et_pb_section][et_pb_section fb_built=&#8221;1&#8243; _builder_version=&#8221;4.16&#8243; _module_preset=&#8221;default&#8221; custom_padding=&#8221;37px||0px|||&#8221; global_colors_info=&#8221;{}&#8221;][et_pb_row module_class=&#8221;box-shadow-section&#8221; _builder_version=&#8221;4.16&#8243; _module_preset=&#8221;default&#8221; width_tablet=&#8221;&#8221; width_phone=&#8221;90%&#8221; width_last_edited=&#8221;on|phone&#8221; custom_padding=&#8221;0px||9px|||&#8221; locked=&#8221;off&#8221; global_colors_info=&#8221;{}&#8221;][et_pb_column type=&#8221;4_4&#8243; _builder_version=&#8221;4.16&#8243; _module_preset=&#8221;default&#8221; global_colors_info=&#8221;{}&#8221;][et_pb_text _builder_version=&#8221;4.16&#8243; _module_preset=&#8221;default&#8221; header_font=&#8221;|300|||||||&#8221; header_font_size=&#8221;42px&#8221; text_orientation=&#8221;center&#8221; custom_margin=&#8221;||4px|||&#8221; custom_padding=&#8221;18px|||||&#8221; header_font_size_tablet=&#8221;30px&#8221; header_font_size_phone=&#8221;24px&#8221; header_font_size_last_edited=&#8221;on|phone&#8221; global_colors_info=&#8221;{}&#8221;]<\/p>\n<h1><span>Just like home, but better<\/span><\/h1>\n<p>[\/et_pb_text][et_pb_text _builder_version=&#8221;4.16&#8243; _module_preset=&#8221;default&#8221; text_font_size=&#8221;16px&#8221; text_orientation=&#8221;center&#8221; custom_margin=&#8221;||40px|||&#8221; text_font_size_tablet=&#8221;16px&#8221; text_font_size_phone=&#8221;15px&#8221; text_font_size_last_edited=&#8221;on|phone&#8221; global_colors_info=&#8221;{}&#8221;]<\/p>\n<p><span>Close to everything, close to you.<\/span><\/p>\n<p><span> Who matters? You do! What makes us special? We do!<\/span><br \/>Because every trip is unique, and every traveler is important, our team offers you a warm welcome in a warm, elegant, authentic setting right in the center of the action: the perfect point of departure from which to explore Lyon.\u00a0<\/p>\n<p>[\/et_pb_text][\/et_pb_column][\/et_pb_row][\/et_pb_section][et_pb_section fb_built=&#8221;1&#8243; custom_padding_last_edited=&#8221;on|tablet&#8221; _builder_version=&#8221;4.16&#8243; _module_preset=&#8221;default&#8221; custom_padding=&#8221;7px|||||&#8221; custom_padding_tablet=&#8221;0px||||false|false&#8221; custom_padding_phone=&#8221;0px||||false|false&#8221; global_colors_info=&#8221;{}&#8221;][et_pb_row column_structure=&#8221;1_2,1_2&#8243; custom_padding_last_edited=&#8221;on|phone&#8221; _builder_version=&#8221;4.16&#8243; _module_preset=&#8221;default&#8221; background_image=&#8221;https:\/\/hotel-roosevelt.com\/wp-content\/uploads\/&#8221; background_size=&#8221;contain&#8221; background_position=&#8221;top_center&#8221; width_tablet=&#8221;&#8221; width_phone=&#8221;90%&#8221; width_last_edited=&#8221;on|phone&#8221; custom_padding=&#8221;110px||31px|||&#8221; custom_padding_tablet=&#8221;60px||||false|false&#8221; custom_padding_phone=&#8221;60px||||false|false&#8221; border_width_bottom=&#8221;1px&#8221; border_color_bottom=&#8221;rgba(157,157,157,0.53)&#8221; global_colors_info=&#8221;{}&#8221;][et_pb_column type=&#8221;1_2&#8243; _builder_version=&#8221;4.16&#8243; _module_preset=&#8221;default&#8221; global_colors_info=&#8221;{}&#8221;][et_pb_image src=&#8221;https:\/\/hotel-roosevelt.com\/wp-content\/uploads\/2022\/04\/hotel1.jpg&#8221; title_text=&#8221;hotel1&#8243; _builder_version=&#8221;4.17.0&#8243; _module_preset=&#8221;default&#8221; global_colors_info=&#8221;{}&#8221;][\/et_pb_image][\/et_pb_column][et_pb_column type=&#8221;1_2&#8243; _builder_version=&#8221;4.16&#8243; _module_preset=&#8221;default&#8221; global_colors_info=&#8221;{}&#8221;][et_pb_text _builder_version=&#8221;4.16&#8243; _module_preset=&#8221;default&#8221; header_font=&#8221;|300|||||||&#8221; header_font_size=&#8221;42px&#8221; header_2_font=&#8221;|300|||||||&#8221; header_2_text_align=&#8221;left&#8221; header_2_font_size=&#8221;36px&#8221; text_orientation=&#8221;center&#8221; custom_margin=&#8221;||-1px|||&#8221; custom_margin_tablet=&#8221;||0px||false|false&#8221; custom_margin_phone=&#8221;||0px||false|false&#8221; custom_margin_last_edited=&#8221;on|tablet&#8221; custom_padding=&#8221;43px|||||&#8221; custom_padding_tablet=&#8221;10px||||false|false&#8221; custom_padding_phone=&#8221;10px||||false|false&#8221; custom_padding_last_edited=&#8221;on|tablet&#8221; header_2_font_size_tablet=&#8221;30px&#8221; header_2_font_size_phone=&#8221;25px&#8221; header_2_font_size_last_edited=&#8221;on|tablet&#8221; global_colors_info=&#8221;{}&#8221;]<\/p>\n<h2><span>Discover<\/span><\/h2>\n<p>[\/et_pb_text][et_pb_text ul_type=&#8221;none&#8221; _builder_version=&#8221;4.16&#8243; _module_preset=&#8221;default&#8221; custom_padding=&#8221;8px||0px|||&#8221; custom_padding_tablet=&#8221;0px||0px||false|false&#8221; custom_padding_phone=&#8221;0px||0px||false|false&#8221; custom_padding_last_edited=&#8221;on|tablet&#8221; global_colors_info=&#8221;{}&#8221;]<\/p>\n<p>The H\u00f4tel Roosevelt&#8217;s history has made it the establishment it is today. Proud of its past, firmly rooted in the present, and looking toward the future, it has evolved over its 50 years in operation and is opening a new chapter with a full refurbishment of its guest rooms.<\/p>\n<p>We build on our experience every day by listening to you and taking time for reflection. That is why, in order to keep up with the times, we have redesigned our facilities and our visual identity in order to remain your go-to hotel in Lyon.<\/p>\n<p>The Roosevelt is your destination for quality accommodation in the heart of the city, always adapting to meet your needs.<\/p>\n<p>[\/et_pb_text][\/et_pb_column][\/et_pb_row][et_pb_row column_structure=&#8221;1_2,1_2&#8243; custom_padding_last_edited=&#8221;on|tablet&#8221; _builder_version=&#8221;4.16&#8243; _module_preset=&#8221;default&#8221; background_enable_image=&#8221;off&#8221; background_size=&#8221;contain&#8221; background_position=&#8221;top_center&#8221; width_tablet=&#8221;&#8221; width_phone=&#8221;90%&#8221; width_last_edited=&#8221;on|phone&#8221; custom_padding=&#8221;49px|||||&#8221; custom_padding_tablet=&#8221;60px||||false|false&#8221; custom_padding_phone=&#8221;60px||||false|false&#8221; border_width_bottom=&#8221;1px&#8221; border_color_bottom=&#8221;rgba(157,157,157,0.53)&#8221; global_colors_info=&#8221;{}&#8221;][et_pb_column type=&#8221;1_2&#8243; _builder_version=&#8221;4.16&#8243; _module_preset=&#8221;default&#8221; global_colors_info=&#8221;{}&#8221;][et_pb_image src=&#8221;https:\/\/hotel-roosevelt.com\/wp-content\/uploads\/2022\/04\/hotel2.jpg&#8221; title_text=&#8221;hotel2&#8243; _builder_version=&#8221;4.17.0&#8243; _module_preset=&#8221;default&#8221; global_colors_info=&#8221;{}&#8221;][\/et_pb_image][\/et_pb_column][et_pb_column type=&#8221;1_2&#8243; _builder_version=&#8221;4.16&#8243; _module_preset=&#8221;default&#8221; global_colors_info=&#8221;{}&#8221;][et_pb_text _builder_version=&#8221;4.16&#8243; _module_preset=&#8221;default&#8221; header_font=&#8221;|300|||||||&#8221; header_font_size=&#8221;42px&#8221; header_2_font=&#8221;|300|||||||&#8221; header_2_text_align=&#8221;left&#8221; header_2_font_size=&#8221;36px&#8221; text_orientation=&#8221;center&#8221; custom_margin=&#8221;||-1px|||&#8221; custom_margin_tablet=&#8221;||0px||false|false&#8221; custom_margin_phone=&#8221;||0px||false|false&#8221; custom_margin_last_edited=&#8221;on|tablet&#8221; custom_padding=&#8221;10px||||false|false&#8221; header_2_font_size_tablet=&#8221;30px&#8221; header_2_font_size_phone=&#8221;25px&#8221; header_2_font_size_last_edited=&#8221;on|tablet&#8221; global_colors_info=&#8221;{}&#8221;]<\/p>\n<h2>Roosevelt Experience<\/h2>\n<p>[\/et_pb_text][et_pb_text ul_type=&#8221;none&#8221; _builder_version=&#8221;4.16&#8243; _module_preset=&#8221;default&#8221; custom_padding=&#8221;3px||0px|||&#8221; custom_padding_tablet=&#8221;0px||0px||false|false&#8221; custom_padding_phone=&#8221;0px||0px||false|false&#8221; custom_padding_last_edited=&#8221;on|tablet&#8221; global_colors_info=&#8221;{}&#8221;]<\/p>\n<p>What is the Roosevelt experience? It is the discovery of an authentic, people-centered establishment with a welcoming, receptive staff.<\/p>\n<p>What is the Roosevelt experience? It is the discovery of an authentic, people-centered establishment with a welcoming, receptive staff.<\/p>\n<p>Our versatility enables us to meet your needs and lets you concentrate on what matters most. We care deeply about the small details that can make a big difference.<\/p>\n<p>A warm environment, optimized facilities, personalized service&#8230; These values are the foundation of our identity. They explain why we do what we do. We provide you not only a wide variety of services, but also our knowledge of the city and the neighborhood.<\/p>\n<p>[\/et_pb_text][\/et_pb_column][\/et_pb_row][et_pb_row column_structure=&#8221;1_2,1_2&#8243; custom_padding_last_edited=&#8221;on|tablet&#8221; _builder_version=&#8221;4.16&#8243; _module_preset=&#8221;default&#8221; background_enable_image=&#8221;off&#8221; background_size=&#8221;contain&#8221; background_position=&#8221;top_center&#8221; width_tablet=&#8221;&#8221; width_phone=&#8221;90%&#8221; width_last_edited=&#8221;on|phone&#8221; custom_padding=&#8221;56px|||||&#8221; custom_padding_tablet=&#8221;60px||||false|false&#8221; custom_padding_phone=&#8221;60px||||false|false&#8221; border_width_bottom=&#8221;1px&#8221; border_color_bottom=&#8221;rgba(157,157,157,0.53)&#8221; global_colors_info=&#8221;{}&#8221;][et_pb_column type=&#8221;1_2&#8243; _builder_version=&#8221;4.16&#8243; _module_preset=&#8221;default&#8221; global_colors_info=&#8221;{}&#8221;][et_pb_image src=&#8221;https:\/\/hotel-roosevelt.com\/wp-content\/uploads\/2022\/04\/hotel3.jpg&#8221; title_text=&#8221;hotel3&#8243; _builder_version=&#8221;4.17.0&#8243; _module_preset=&#8221;default&#8221; global_colors_info=&#8221;{}&#8221;][\/et_pb_image][\/et_pb_column][et_pb_column type=&#8221;1_2&#8243; _builder_version=&#8221;4.16&#8243; _module_preset=&#8221;default&#8221; global_colors_info=&#8221;{}&#8221;][et_pb_text _builder_version=&#8221;4.16&#8243; _module_preset=&#8221;default&#8221; header_font=&#8221;|300|||||||&#8221; header_font_size=&#8221;42px&#8221; header_2_font=&#8221;|300|||||||&#8221; header_2_text_align=&#8221;left&#8221; header_2_font_size=&#8221;36px&#8221; text_orientation=&#8221;center&#8221; custom_margin=&#8221;||-1px|||&#8221; custom_margin_tablet=&#8221;||0px||false|false&#8221; custom_margin_phone=&#8221;||0px||false|false&#8221; custom_margin_last_edited=&#8221;on|tablet&#8221; custom_padding=&#8221;10px||||false|false&#8221; header_2_font_size_tablet=&#8221;30px&#8221; header_2_font_size_phone=&#8221;25px&#8221; header_2_font_size_last_edited=&#8221;on|tablet&#8221; global_colors_info=&#8221;{}&#8221;]<\/p>\n<h2>More than a hotel<\/h2>\n<p>[\/et_pb_text][et_pb_text ul_type=&#8221;none&#8221; _builder_version=&#8221;4.16&#8243; _module_preset=&#8221;default&#8221; custom_padding=&#8221;3px||0px|||&#8221; custom_padding_tablet=&#8221;0px||0px||false|false&#8221; custom_padding_phone=&#8221;0px||0px||false|false&#8221; custom_padding_last_edited=&#8221;on|tablet&#8221; global_colors_info=&#8221;{}&#8221;]<\/p>\n<p>We know that the most important thing when you stay at a hotel is to sleep well! We&#8217;ve taken your feedback and have redesigned our guest rooms and amenities to offer you the ultimate in tranquility: a room designed to be a cocoon, a soft, relaxing bubble.<\/p>\n<p>All the amenities you need to make the most of your hours with us is within easy reach. Wi-Fi, USB port, self-service printer&#8230; we&#8217;ve thought of everything so you don&#8217;t have to. It all adds up to a sense of calm and comfort.\u00a0<\/p>\n<p>[\/et_pb_text][et_pb_text _builder_version=&#8221;4.16&#8243; _module_preset=&#8221;default&#8221; hover_transition_duration=&#8221;450ms&#8221; global_colors_info=&#8221;{}&#8221;]<\/p>\n<p id=\"more\">That is why we have considered every aspect of your stay, offering you an authentic overall experience: from our cozy bar to the restaurant serving dinner under a silver dish cover, to dry cleaning service that will make your rumpled suit a distant memory, to a welcome partnership with the nearby fitness center, to the chauffeur at your disposal, to the secure parking facility for your car on request. Du bar cosy, au restaurateur qui apporte le d\u00eener sous une cloche en argent, en passant par le pressing qui fera de votre costume sale un vague souvenir\u2026 jusqu\u2019au partenariat bienvenu avec la salle de sport voisine, ou au chauffeur qui sera mis \u00e0 votre disposition\u2026 sans oublier le parking s\u00e9curis\u00e9 qui accueillera votre v\u00e9hicule selon la demande.<br \/>This isn&#8217;t just a place to lay your head; you can truly rely on us. As the team likes to say, &#8220;The H\u00f4tel Roosevelt is just like home&#8230; but better!&#8221; Comme le dit l\u2019\u00e9quipe : \u00ab L\u2019H\u00f4tel Roosevelt c\u2019est comme \u00e0 la maison\u2026 mais en mieux ! \u00bb<\/p>\n<p><span id=\"myBtn-remove\">Less-<\/span><br \/><span id=\"myBtn\">More details+<\/span><\/p>\n<p>[\/et_pb_text][\/et_pb_column][\/et_pb_row][et_pb_row column_structure=&#8221;1_2,1_2&#8243; custom_padding_last_edited=&#8221;on|tablet&#8221; _builder_version=&#8221;4.16&#8243; _module_preset=&#8221;default&#8221; background_enable_image=&#8221;off&#8221; background_size=&#8221;contain&#8221; background_position=&#8221;top_center&#8221; width_tablet=&#8221;&#8221; width_phone=&#8221;90%&#8221; width_last_edited=&#8221;on|phone&#8221; custom_padding=&#8221;56px|||||&#8221; custom_padding_tablet=&#8221;60px||||false|false&#8221; custom_padding_phone=&#8221;60px||||false|false&#8221; border_color_bottom=&#8221;rgba(157,157,157,0.53)&#8221; global_colors_info=&#8221;{}&#8221;][et_pb_column type=&#8221;1_2&#8243; _builder_version=&#8221;4.16&#8243; _module_preset=&#8221;default&#8221; global_colors_info=&#8221;{}&#8221;][et_pb_image src=&#8221;https:\/\/hotel-roosevelt.com\/wp-content\/uploads\/2022\/06\/Rhone_630x470.png&#8221; title_text=&#8221;Rhone_630x470&#8243; _builder_version=&#8221;4.17.4&#8243; _module_preset=&#8221;default&#8221; global_colors_info=&#8221;{}&#8221;][\/et_pb_image][\/et_pb_column][et_pb_column type=&#8221;1_2&#8243; _builder_version=&#8221;4.16&#8243; _module_preset=&#8221;default&#8221; global_colors_info=&#8221;{}&#8221;][et_pb_text _builder_version=&#8221;4.16&#8243; _module_preset=&#8221;default&#8221; header_font=&#8221;|300|||||||&#8221; header_font_size=&#8221;42px&#8221; header_2_font=&#8221;|300|||||||&#8221; header_2_text_align=&#8221;left&#8221; header_2_font_size=&#8221;36px&#8221; text_orientation=&#8221;center&#8221; custom_margin=&#8221;||-1px|||&#8221; custom_padding=&#8221;6px|||||&#8221; header_2_font_size_tablet=&#8221;30px&#8221; header_2_font_size_phone=&#8221;25px&#8221; header_2_font_size_last_edited=&#8221;on|tablet&#8221; global_colors_info=&#8221;{}&#8221;]<\/p>\n<h2>A word from the manager<\/h2>\n<p>[\/et_pb_text][et_pb_text ul_type=&#8221;none&#8221; _builder_version=&#8221;4.16&#8243; _module_preset=&#8221;default&#8221; custom_padding=&#8221;3px||0px|||&#8221; custom_padding_tablet=&#8221;0px||0px||false|false&#8221; custom_padding_phone=&#8221;0px||0px||false|false&#8221; custom_padding_last_edited=&#8221;on|tablet&#8221; global_colors_info=&#8221;{}&#8221;]<\/p>\n<p>Whether you will be with us for a few hours or a few days, welcome!<\/p>\n<p>Right in the heart of the city, we offer you a moment of peace, soothing comfort, and a range of opportunities to experience and choose as you wish!<\/p>\n<p>We have designed this guest room to meet your needs and expectations, allowing you to spend a peaceful, restful stay with us. The amenities were designed in such a way that you won&#8217;t need to think about a thing; just focus on what matters most to you and enjoy.<\/p>\n<p>Every trip is unique, and to us, every traveler is, too. That is why we offer you a wide variety of services and partnerships, which you can read about on the following pages. Whatever question, wish, or need you may have, please feel free to ask us for advice or contacts.<\/p>\n<p>We are here to listen to you and have the versatility to meet your needs. We wish you a pleasant Roosevelt Experience!<\/p>\n<p>Laurent Jaumes, director<\/p>\n<p>[\/et_pb_text][\/et_pb_column][\/et_pb_row][\/et_pb_section]<\/p>\n","protected":false},"excerpt":{"rendered":"<p>Just like home, but better Close to everything, close to you. Who matters? You do! What makes us special? We do!Because every trip is unique, and every traveler is important, our team offers you a warm welcome in a warm, elegant, authentic setting right in the center of the action: the perfect point of departure [&hellip;]<\/p>\n","protected":false},"author":2,"featured_media":0,"parent":0,"menu_order":0,"comment_status":"closed","ping_status":"closed","template":"","meta":{"_et_pb_use_builder":"on","_et_pb_old_content":"","_et_gb_content_width":"","footnotes":""},"class_list":["post-2244","page","type-page","status-publish","hentry"],"yoast_head":"<!-- This site is optimized with the Yoast SEO plugin v27.5 - https:\/\/yoast.com\/product\/yoast-seo-wordpress\/ -->\n<title>The Roosevelt Hotel is like home | Hotel le Roosevelt Lyon ****<\/title>\n<meta name=\"description\" content=\"The Roosevelt Hotel does everything possible to make you feel at home, whether on vacation or on business!\" \/>\n<meta name=\"robots\" content=\"index, follow, max-snippet:-1, max-image-preview:large, max-video-preview:-1\" \/>\n<link rel=\"canonical\" href=\"https:\/\/hotel-roosevelt.com\/notre-hotel\/\" \/>\n<meta property=\"og:locale\" content=\"en_US\" \/>\n<meta property=\"og:type\" content=\"article\" \/>\n<meta property=\"og:title\" content=\"The Roosevelt Hotel is like home | Hotel le Roosevelt Lyon ****\" \/>\n<meta property=\"og:description\" content=\"The Roosevelt Hotel does everything possible to make you feel at home, whether on vacation or on business!\" \/>\n<meta property=\"og:url\" content=\"https:\/\/hotel-roosevelt.com\/notre-hotel\/\" \/>\n<meta property=\"og:site_name\" content=\"H\u00f4tel Roosevelt\" \/>\n<meta property=\"article:modified_time\" content=\"2023-10-23T08:28:37+00:00\" \/>\n<meta name=\"twitter:card\" content=\"summary_large_image\" \/>\n<meta name=\"twitter:label1\" content=\"Est. reading time\" \/>\n\t<meta name=\"twitter:data1\" content=\"6 minutes\" \/>\n<script type=\"application\/ld+json\" class=\"yoast-schema-graph\">{\"@context\":\"https:\\\/\\\/schema.org\",\"@graph\":[{\"@type\":\"WebPage\",\"@id\":\"https:\\\/\\\/hotel-roosevelt.com\\\/notre-hotel\\\/\",\"url\":\"https:\\\/\\\/hotel-roosevelt.com\\\/notre-hotel\\\/\",\"name\":\"The Roosevelt Hotel is like home | Hotel le Roosevelt Lyon ****\",\"isPartOf\":{\"@id\":\"https:\\\/\\\/hotel-roosevelt.com\\\/#website\"},\"datePublished\":\"2021-12-07T16:25:34+00:00\",\"dateModified\":\"2023-10-23T08:28:37+00:00\",\"description\":\"The Roosevelt Hotel does everything possible to make you feel at home, whether on vacation or on business!\",\"breadcrumb\":{\"@id\":\"https:\\\/\\\/hotel-roosevelt.com\\\/notre-hotel\\\/#breadcrumb\"},\"inLanguage\":\"en-US\",\"potentialAction\":[{\"@type\":\"ReadAction\",\"target\":[\"https:\\\/\\\/hotel-roosevelt.com\\\/notre-hotel\\\/\"]}]},{\"@type\":\"BreadcrumbList\",\"@id\":\"https:\\\/\\\/hotel-roosevelt.com\\\/notre-hotel\\\/#breadcrumb\",\"itemListElement\":[{\"@type\":\"ListItem\",\"position\":1,\"name\":\"Accueil\",\"item\":\"https:\\\/\\\/hotel-roosevelt.com\\\/\"},{\"@type\":\"ListItem\",\"position\":2,\"name\":\"hotel\"}]},{\"@type\":\"WebSite\",\"@id\":\"https:\\\/\\\/hotel-roosevelt.com\\\/#website\",\"url\":\"https:\\\/\\\/hotel-roosevelt.com\\\/\",\"name\":\"H\u00f4tel Roosevelt\",\"description\":\"OFFICIAL SITE  | Hotel Lyon Part Dieu\",\"potentialAction\":[{\"@type\":\"SearchAction\",\"target\":{\"@type\":\"EntryPoint\",\"urlTemplate\":\"https:\\\/\\\/hotel-roosevelt.com\\\/?s={search_term_string}\"},\"query-input\":{\"@type\":\"PropertyValueSpecification\",\"valueRequired\":true,\"valueName\":\"search_term_string\"}}],\"inLanguage\":\"en-US\"}]}<\/script>\n<!-- \/ Yoast SEO plugin. -->","yoast_head_json":{"title":"The Roosevelt Hotel is like home | Hotel le Roosevelt Lyon ****","description":"The Roosevelt Hotel does everything possible to make you feel at home, whether on vacation or on business!","robots":{"index":"index","follow":"follow","max-snippet":"max-snippet:-1","max-image-preview":"max-image-preview:large","max-video-preview":"max-video-preview:-1"},"canonical":"https:\/\/hotel-roosevelt.com\/notre-hotel\/","og_locale":"en_US","og_type":"article","og_title":"The Roosevelt Hotel is like home | Hotel le Roosevelt Lyon ****","og_description":"The Roosevelt Hotel does everything possible to make you feel at home, whether on vacation or on business!","og_url":"https:\/\/hotel-roosevelt.com\/notre-hotel\/","og_site_name":"H\u00f4tel Roosevelt","article_modified_time":"2023-10-23T08:28:37+00:00","twitter_card":"summary_large_image","twitter_misc":{"Est. reading time":"6 minutes"},"schema":{"@context":"https:\/\/schema.org","@graph":[{"@type":"WebPage","@id":"https:\/\/hotel-roosevelt.com\/notre-hotel\/","url":"https:\/\/hotel-roosevelt.com\/notre-hotel\/","name":"The Roosevelt Hotel is like home | Hotel le Roosevelt Lyon ****","isPartOf":{"@id":"https:\/\/hotel-roosevelt.com\/#website"},"datePublished":"2021-12-07T16:25:34+00:00","dateModified":"2023-10-23T08:28:37+00:00","description":"The Roosevelt Hotel does everything possible to make you feel at home, whether on vacation or on business!","breadcrumb":{"@id":"https:\/\/hotel-roosevelt.com\/notre-hotel\/#breadcrumb"},"inLanguage":"en-US","potentialAction":[{"@type":"ReadAction","target":["https:\/\/hotel-roosevelt.com\/notre-hotel\/"]}]},{"@type":"BreadcrumbList","@id":"https:\/\/hotel-roosevelt.com\/notre-hotel\/#breadcrumb","itemListElement":[{"@type":"ListItem","position":1,"name":"Accueil","item":"https:\/\/hotel-roosevelt.com\/"},{"@type":"ListItem","position":2,"name":"hotel"}]},{"@type":"WebSite","@id":"https:\/\/hotel-roosevelt.com\/#website","url":"https:\/\/hotel-roosevelt.com\/","name":"H\u00f4tel Roosevelt","description":"OFFICIAL SITE  | Hotel Lyon Part Dieu","potentialAction":[{"@type":"SearchAction","target":{"@type":"EntryPoint","urlTemplate":"https:\/\/hotel-roosevelt.com\/?s={search_term_string}"},"query-input":{"@type":"PropertyValueSpecification","valueRequired":true,"valueName":"search_term_string"}}],"inLanguage":"en-US"}]}},"_links":{"self":[{"href":"https:\/\/hotel-roosevelt.com\/en\/wp-json\/wp\/v2\/pages\/2244","targetHints":{"allow":["GET"]}}],"collection":[{"href":"https:\/\/hotel-roosevelt.com\/en\/wp-json\/wp\/v2\/pages"}],"about":[{"href":"https:\/\/hotel-roosevelt.com\/en\/wp-json\/wp\/v2\/types\/page"}],"author":[{"embeddable":true,"href":"https:\/\/hotel-roosevelt.com\/en\/wp-json\/wp\/v2\/users\/2"}],"replies":[{"embeddable":true,"href":"https:\/\/hotel-roosevelt.com\/en\/wp-json\/wp\/v2\/comments?post=2244"}],"version-history":[{"count":0,"href":"https:\/\/hotel-roosevelt.com\/en\/wp-json\/wp\/v2\/pages\/2244\/revisions"}],"wp:attachment":[{"href":"https:\/\/hotel-roosevelt.com\/en\/wp-json\/wp\/v2\/media?parent=2244"}],"curies":[{"name":"wp","href":"https:\/\/api.w.org\/{rel}","templated":true}]}}