{"id":2758,"date":"2021-12-09T16:22:58","date_gmt":"2021-12-09T15:22:58","guid":{"rendered":"https:\/\/hotel-roosevelt.com\/business\/"},"modified":"2025-11-19T11:02:13","modified_gmt":"2025-11-19T10:02:13","slug":"business","status":"publish","type":"page","link":"https:\/\/hotel-roosevelt.com\/es\/business\/","title":{"rendered":"business"},"content":{"rendered":"<p>[et_pb_section fb_built=&#8221;1&#8243; module_class=&#8221;bannerMargin-top&#8221; _builder_version=&#8221;4.17.0&#8243; _module_preset=&#8221;default&#8221; background_image=&#8221;https:\/\/hotel-roosevelt.com\/wp-content\/uploads\/2022\/04\/business-banner.jpg&#8221; height=&#8221;400px&#8221; height_tablet=&#8221;250px&#8221; height_phone=&#8221;200px&#8221; height_last_edited=&#8221;on|phone&#8221; background_last_edited=&#8221;on|phone&#8221; global_colors_info=&#8221;{}&#8221;][et_pb_row column_structure=&#8221;1_4,1_4,1_4,1_4&#8243; use_custom_gutter=&#8221;on&#8221; gutter_width=&#8221;1&#8243; disabled_on=&#8221;on|on|off&#8221; _builder_version=&#8221;4.16&#8243; _module_preset=&#8221;default&#8221; positioning=&#8221;absolute&#8221; position_origin_a=&#8221;bottom_center&#8221; width=&#8221;100%&#8221; custom_padding=&#8221;3px||0px|||&#8221; saved_tabs=&#8221;all&#8221; locked=&#8221;off&#8221; global_colors_info=&#8221;{}&#8221;][et_pb_column type=&#8221;1_4&#8243; _builder_version=&#8221;4.16&#8243; _module_preset=&#8221;default&#8221; custom_padding=&#8221;||||false|false&#8221; link_option_url=&#8221;https:\/\/hotel-roosevelt.com\/es\/hotel\/&#8221; global_colors_info=&#8221;{}&#8221;][et_pb_text module_class=&#8221;hotel-service&#8221; _builder_version=&#8221;4.17.0&#8243; _module_preset=&#8221;default&#8221; text_font=&#8221;Josefin Sans|||on|||||&#8221; text_text_color=&#8221;#FFFFFF&#8221; text_font_size=&#8221;14px&#8221; background_color=&#8221;rgba(29,29,29,0.71)&#8221; text_orientation=&#8221;center&#8221; custom_padding=&#8221;20px|5px|20px|5px|true|true&#8221; link_option_url=&#8221;https:\/\/hotel-roosevelt.com\/es\/services\/&#8221; border_width_right=&#8221;1px&#8221; border_color_right=&#8221;#FFFFFF&#8221; locked=&#8221;off&#8221; global_colors_info=&#8221;{}&#8221; link_text_color__hover_enabled=&#8221;on|hover&#8221; link_text_color__hover=&#8221;#B89547&#8243;]<span>Servicios Del Hotel<\/span>[\/et_pb_text][\/et_pb_column][et_pb_column type=&#8221;1_4&#8243; _builder_version=&#8221;4.16&#8243; _module_preset=&#8221;default&#8221; global_colors_info=&#8221;{}&#8221;][et_pb_text module_class=&#8221;hotel-service&#8221; _builder_version=&#8221;4.16&#8243; _dynamic_attributes=&#8221;link_option_url&#8221; _module_preset=&#8221;default&#8221; text_font=&#8221;Josefin Sans|||on|||||&#8221; text_text_color=&#8221;#FFFFFF&#8221; text_font_size=&#8221;14px&#8221; background_color=&#8221;rgba(29,29,29,0.71)&#8221; text_orientation=&#8221;center&#8221; custom_padding=&#8221;20px|5px|20px|5px|true|true&#8221; link_option_url=&#8221;@ET-DC@eyJkeW5hbWljIjp0cnVlLCJjb250ZW50IjoicG9zdF9saW5rX3VybF9wYWdlIiwic2V0dGluZ3MiOnsicG9zdF9pZCI6Ijg3NSJ9fQ==@&#8221; border_width_right=&#8221;1px&#8221; border_color_right=&#8221;#FFFFFF&#8221; locked=&#8221;off&#8221; global_colors_info=&#8221;{}&#8221;]<\/p>\n<p><span>Bar &amp; Desayuno<\/span><\/p>\n<p>[\/et_pb_text][\/et_pb_column][et_pb_column type=&#8221;1_4&#8243; _builder_version=&#8221;4.16&#8243; _module_preset=&#8221;default&#8221; global_colors_info=&#8221;{}&#8221;][et_pb_text module_class=&#8221;hotel-service&#8221; _builder_version=&#8221;4.16&#8243; _dynamic_attributes=&#8221;link_option_url&#8221; _module_preset=&#8221;default&#8221; text_font=&#8221;Josefin Sans|||on|||||&#8221; text_text_color=&#8221;#B89547&#8243; text_font_size=&#8221;14px&#8221; background_color=&#8221;rgba(29,29,29,0.71)&#8221; text_orientation=&#8221;center&#8221; custom_padding=&#8221;20px|5px|20px|5px|true|true&#8221; link_option_url=&#8221;@ET-DC@eyJkeW5hbWljIjp0cnVlLCJjb250ZW50IjoicG9zdF9saW5rX3VybF9wYWdlIiwic2V0dGluZ3MiOnsicG9zdF9pZCI6IjI4MiJ9fQ==@&#8221; border_width_right=&#8221;1px&#8221; border_color_right=&#8221;#FFFFFF&#8221; locked=&#8221;off&#8221; global_colors_info=&#8221;{}&#8221;]<\/p>\n<p><span>Business<\/span><\/p>\n<p>[\/et_pb_text][\/et_pb_column][et_pb_column type=&#8221;1_4&#8243; _builder_version=&#8221;4.16&#8243; _module_preset=&#8221;default&#8221; global_colors_info=&#8221;{}&#8221;][et_pb_text module_class=&#8221;hotel-service&#8221; _builder_version=&#8221;4.16&#8243; _module_preset=&#8221;default&#8221; text_font=&#8221;Josefin Sans|||on|||||&#8221; text_text_color=&#8221;#FFFFFF&#8221; text_font_size=&#8221;14px&#8221; background_color=&#8221;rgba(29,29,29,0.71)&#8221; text_orientation=&#8221;center&#8221; custom_padding=&#8221;20px|5px|20px|5px|true|true&#8221; link_option_url=&#8221;https:\/\/hotel-roosevelt.com\/es\/activities\/&#8221; border_color_right=&#8221;#FFFFFF&#8221; locked=&#8221;off&#8221; global_colors_info=&#8221;{}&#8221;]<\/p>\n<p><span>Actividades<\/span><\/p>\n<p>[\/et_pb_text][\/et_pb_column][\/et_pb_row][\/et_pb_section][et_pb_section fb_built=&#8221;1&#8243; _builder_version=&#8221;4.16&#8243; _module_preset=&#8221;default&#8221; custom_padding=&#8221;37px||0px|||&#8221; global_colors_info=&#8221;{}&#8221;][et_pb_row module_class=&#8221;box-shadow-section&#8221; _builder_version=&#8221;4.16&#8243; _module_preset=&#8221;default&#8221; width_tablet=&#8221;&#8221; width_phone=&#8221;90%&#8221; width_last_edited=&#8221;on|phone&#8221; custom_padding=&#8221;0px||9px|||&#8221; locked=&#8221;off&#8221; global_colors_info=&#8221;{}&#8221;][et_pb_column type=&#8221;4_4&#8243; _builder_version=&#8221;4.16&#8243; _module_preset=&#8221;default&#8221; global_colors_info=&#8221;{}&#8221;][et_pb_text _builder_version=&#8221;4.16&#8243; _module_preset=&#8221;default&#8221; header_font=&#8221;|300|||||||&#8221; header_font_size=&#8221;42px&#8221; text_orientation=&#8221;center&#8221; custom_margin=&#8221;||4px|||&#8221; custom_padding=&#8221;18px|||||&#8221; header_font_size_tablet=&#8221;35px&#8221; header_font_size_phone=&#8221;28px&#8221; header_font_size_last_edited=&#8221;on|tablet&#8221; global_colors_info=&#8221;{}&#8221;]<\/p>\n<h1><span>Un oasis urbano en el coraz\u00f3n de Lyon.<\/span><\/h1>\n<p>[\/et_pb_text][et_pb_text _builder_version=&#8221;4.16&#8243; _module_preset=&#8221;default&#8221; text_font_size=&#8221;16px&#8221; text_orientation=&#8221;center&#8221; global_colors_info=&#8221;{}&#8221;]<\/p>\n<p>Venga por negocios, qu\u00e9dese por placer.<\/p>\n<p>Todo lo que un viajero corporativo necesita en Lyon. Para reservas o m\u00e1s informaci\u00f3n, cont\u00e1ctenos:<\/p>\n<p>Tel\u00e9fono: +33 4 78 52 35 67<\/p>\n<p>Correo electr\u00f3nico:<span> <\/span><a href=\"mailto:info@hotel-roosevelt.com\">info@hotel-roosevelt.com<\/a><\/p>\n<p>[\/et_pb_text][\/et_pb_column][\/et_pb_row][\/et_pb_section][et_pb_section fb_built=&#8221;1&#8243; custom_padding_last_edited=&#8221;on|tablet&#8221; _builder_version=&#8221;4.16&#8243; _module_preset=&#8221;default&#8221; custom_padding=&#8221;54px|||||&#8221; custom_padding_tablet=&#8221;0px||||false|false&#8221; custom_padding_phone=&#8221;0px||||false|false&#8221; global_colors_info=&#8221;{}&#8221;][et_pb_row column_structure=&#8221;1_2,1_2&#8243; custom_padding_last_edited=&#8221;on|tablet&#8221; _builder_version=&#8221;4.16&#8243; _module_preset=&#8221;default&#8221; background_image=&#8221;https:\/\/hotel-roosevelt.com\/wp-content\/uploads\/&#8221; background_size=&#8221;contain&#8221; background_position=&#8221;top_center&#8221; width_tablet=&#8221;&#8221; width_phone=&#8221;90%&#8221; width_last_edited=&#8221;on|phone&#8221; custom_padding=&#8221;110px||22px|||&#8221; custom_padding_tablet=&#8221;60px||||false|false&#8221; custom_padding_phone=&#8221;60px||||false|false&#8221; border_color_bottom=&#8221;rgba(157,157,157,0.53)&#8221; global_colors_info=&#8221;{}&#8221;][et_pb_column type=&#8221;1_2&#8243; _builder_version=&#8221;4.16&#8243; _module_preset=&#8221;default&#8221; global_colors_info=&#8221;{}&#8221;][et_pb_image src=&#8221;https:\/\/hotel-roosevelt.com\/wp-content\/uploads\/2022\/04\/servise1.jpg&#8221; title_text=&#8221;servise1&#8243; _builder_version=&#8221;4.17.0&#8243; _module_preset=&#8221;default&#8221; global_colors_info=&#8221;{}&#8221;][\/et_pb_image][\/et_pb_column][et_pb_column type=&#8221;1_2&#8243; _builder_version=&#8221;4.16&#8243; _module_preset=&#8221;default&#8221; global_colors_info=&#8221;{}&#8221;][et_pb_text _builder_version=&#8221;4.16&#8243; _module_preset=&#8221;default&#8221; header_font=&#8221;|300|||||||&#8221; header_font_size=&#8221;42px&#8221; header_2_font=&#8221;|300|||||||&#8221; header_2_text_align=&#8221;left&#8221; header_2_font_size=&#8221;36px&#8221; text_orientation=&#8221;center&#8221; custom_margin=&#8221;||-1px|||&#8221; custom_padding=&#8221;0px|||||&#8221; header_2_font_size_tablet=&#8221;30px&#8221; header_2_font_size_phone=&#8221;25px&#8221; header_2_font_size_last_edited=&#8221;on|tablet&#8221; global_colors_info=&#8221;{}&#8221;]<\/p>\n<h2><span>Su estancia de negocios en Lyon<\/span><\/h2>\n<p>[\/et_pb_text][et_pb_text ul_type=&#8221;none&#8221; _builder_version=&#8221;4.16&#8243; _module_preset=&#8221;default&#8221; custom_padding=&#8221;6px||0px|||&#8221; custom_padding_tablet=&#8221;0px||0px||false|false&#8221; custom_padding_phone=&#8221;0px||0px||false|false&#8221; custom_padding_last_edited=&#8221;on|tablet&#8221; global_colors_info=&#8221;{}&#8221;]<\/p>\n<p>\u00bfVienes regularmente a Lyon para una estancia de negocios o profesional?<\/p>\n<p>Contactez-nous pour pouvoir b\u00e9n\u00e9ficier d\u2019un tarif unique tout au long de l\u2019ann\u00e9e<\/p>\n<p>Plus aucun risque de voir le prix de votre chambre fluctuer en fonction de l\u2019influence.<\/p>\n<p>Vous maitrisez parfaitement votre budget et vous b\u00e9n\u00e9ficiez en plus des avantages suivants :<\/p>\n<p>[\/et_pb_text][et_pb_text ul_type=&#8221;none&#8221; module_class=&#8221;list-style&#8221; _builder_version=&#8221;4.27.4&#8243; _module_preset=&#8221;default&#8221; custom_padding=&#8221;6px||0px|||&#8221; custom_padding_tablet=&#8221;0px||0px||false|false&#8221; custom_padding_phone=&#8221;0px||0px||false|false&#8221; custom_padding_last_edited=&#8221;on|tablet&#8221; hover_enabled=&#8221;0&#8243; global_colors_info=&#8221;{}&#8221; sticky_enabled=&#8221;0&#8243;]<\/p>\n<ul class=\"\">\n<li>Servicio personalizado para satisfacer todas sus solicitudes espec\u00edficas.<\/li>\n<li>Cancelaci\u00f3n gratuita hasta las 12 p.m.el d\u00eda de llegada<\/li>\n<li>Una actualizaci\u00f3n ofrecida seg\u00fan disponibilidad<\/li>\n<\/ul>\n<p>[\/et_pb_text][\/et_pb_column][\/et_pb_row][\/et_pb_section]<\/p>\n","protected":false},"excerpt":{"rendered":"<p>Servicios Del HotelBar &amp; DesayunoBusinessActividadesUn oasis urbano en el coraz\u00f3n de Lyon.Venga por negocios, qu\u00e9dese por placer. Todo lo que un viajero corporativo necesita en Lyon. Para reservas o m\u00e1s informaci\u00f3n, cont\u00e1ctenos: Tel\u00e9fono: +33 4 78 52 35 67 Correo electr\u00f3nico: info@hotel-roosevelt.comSu estancia de negocios en Lyon\u00bfVienes regularmente a Lyon para una estancia de negocios [&hellip;]<\/p>\n","protected":false},"author":2,"featured_media":0,"parent":0,"menu_order":0,"comment_status":"closed","ping_status":"closed","template":"","meta":{"_et_pb_use_builder":"on","_et_pb_old_content":"","_et_gb_content_width":"","footnotes":""},"class_list":["post-2758","page","type-page","status-publish","hentry"],"yoast_head":"<!-- This site is optimized with the Yoast SEO plugin v27.5 - https:\/\/yoast.com\/product\/yoast-seo-wordpress\/ -->\n<title>Estancias de negocios en Lyon | Hotel le Roosevelt Lyon ****<\/title>\n<meta name=\"description\" content=\"Disfrute de sus estancias de negocios en Lyon en un hotel situado en el centro de la ciudad, en el 6\u00ba distrito, cerca de Lyon Part Dieu.\" \/>\n<meta name=\"robots\" content=\"index, follow, max-snippet:-1, max-image-preview:large, max-video-preview:-1\" \/>\n<link rel=\"canonical\" href=\"https:\/\/hotel-roosevelt.com\/business\/\" \/>\n<meta property=\"og:locale\" content=\"es_ES\" \/>\n<meta property=\"og:type\" content=\"article\" \/>\n<meta property=\"og:title\" content=\"Estancias de negocios en Lyon | Hotel le Roosevelt Lyon ****\" \/>\n<meta property=\"og:description\" content=\"Disfrute de sus estancias de negocios en Lyon en un hotel situado en el centro de la ciudad, en el 6\u00ba distrito, cerca de Lyon Part Dieu.\" \/>\n<meta property=\"og:url\" content=\"https:\/\/hotel-roosevelt.com\/business\/\" \/>\n<meta property=\"og:site_name\" content=\"H\u00f4tel Roosevelt\" \/>\n<meta property=\"article:modified_time\" content=\"2025-11-19T10:02:13+00:00\" \/>\n<meta name=\"twitter:card\" content=\"summary_large_image\" \/>\n<meta name=\"twitter:label1\" content=\"Est. reading time\" \/>\n\t<meta name=\"twitter:data1\" content=\"5 minutes\" \/>\n<script type=\"application\/ld+json\" class=\"yoast-schema-graph\">{\"@context\":\"https:\\\/\\\/schema.org\",\"@graph\":[{\"@type\":\"WebPage\",\"@id\":\"https:\\\/\\\/hotel-roosevelt.com\\\/business\\\/\",\"url\":\"https:\\\/\\\/hotel-roosevelt.com\\\/business\\\/\",\"name\":\"Estancias de negocios en Lyon | Hotel le Roosevelt Lyon ****\",\"isPartOf\":{\"@id\":\"https:\\\/\\\/hotel-roosevelt.com\\\/#website\"},\"datePublished\":\"2021-12-09T15:22:58+00:00\",\"dateModified\":\"2025-11-19T10:02:13+00:00\",\"description\":\"Disfrute de sus estancias de negocios en Lyon en un hotel situado en el centro de la ciudad, en el 6\u00ba distrito, cerca de Lyon Part Dieu.\",\"breadcrumb\":{\"@id\":\"https:\\\/\\\/hotel-roosevelt.com\\\/business\\\/#breadcrumb\"},\"inLanguage\":\"es-ES\",\"potentialAction\":[{\"@type\":\"ReadAction\",\"target\":[\"https:\\\/\\\/hotel-roosevelt.com\\\/business\\\/\"]}]},{\"@type\":\"BreadcrumbList\",\"@id\":\"https:\\\/\\\/hotel-roosevelt.com\\\/business\\\/#breadcrumb\",\"itemListElement\":[{\"@type\":\"ListItem\",\"position\":1,\"name\":\"Accueil\",\"item\":\"https:\\\/\\\/hotel-roosevelt.com\\\/\"},{\"@type\":\"ListItem\",\"position\":2,\"name\":\"business\"}]},{\"@type\":\"WebSite\",\"@id\":\"https:\\\/\\\/hotel-roosevelt.com\\\/#website\",\"url\":\"https:\\\/\\\/hotel-roosevelt.com\\\/\",\"name\":\"H\u00f4tel Roosevelt\",\"description\":\"SITIO OFICIAL | \u00a1Las mejores tarifas disponibles!\",\"potentialAction\":[{\"@type\":\"SearchAction\",\"target\":{\"@type\":\"EntryPoint\",\"urlTemplate\":\"https:\\\/\\\/hotel-roosevelt.com\\\/?s={search_term_string}\"},\"query-input\":{\"@type\":\"PropertyValueSpecification\",\"valueRequired\":true,\"valueName\":\"search_term_string\"}}],\"inLanguage\":\"es-ES\"}]}<\/script>\n<!-- \/ Yoast SEO plugin. -->","yoast_head_json":{"title":"Estancias de negocios en Lyon | Hotel le Roosevelt Lyon ****","description":"Disfrute de sus estancias de negocios en Lyon en un hotel situado en el centro de la ciudad, en el 6\u00ba distrito, cerca de Lyon Part Dieu.","robots":{"index":"index","follow":"follow","max-snippet":"max-snippet:-1","max-image-preview":"max-image-preview:large","max-video-preview":"max-video-preview:-1"},"canonical":"https:\/\/hotel-roosevelt.com\/business\/","og_locale":"es_ES","og_type":"article","og_title":"Estancias de negocios en Lyon | Hotel le Roosevelt Lyon ****","og_description":"Disfrute de sus estancias de negocios en Lyon en un hotel situado en el centro de la ciudad, en el 6\u00ba distrito, cerca de Lyon Part Dieu.","og_url":"https:\/\/hotel-roosevelt.com\/business\/","og_site_name":"H\u00f4tel Roosevelt","article_modified_time":"2025-11-19T10:02:13+00:00","twitter_card":"summary_large_image","twitter_misc":{"Est. reading time":"5 minutes"},"schema":{"@context":"https:\/\/schema.org","@graph":[{"@type":"WebPage","@id":"https:\/\/hotel-roosevelt.com\/business\/","url":"https:\/\/hotel-roosevelt.com\/business\/","name":"Estancias de negocios en Lyon | Hotel le Roosevelt Lyon ****","isPartOf":{"@id":"https:\/\/hotel-roosevelt.com\/#website"},"datePublished":"2021-12-09T15:22:58+00:00","dateModified":"2025-11-19T10:02:13+00:00","description":"Disfrute de sus estancias de negocios en Lyon en un hotel situado en el centro de la ciudad, en el 6\u00ba distrito, cerca de Lyon Part Dieu.","breadcrumb":{"@id":"https:\/\/hotel-roosevelt.com\/business\/#breadcrumb"},"inLanguage":"es-ES","potentialAction":[{"@type":"ReadAction","target":["https:\/\/hotel-roosevelt.com\/business\/"]}]},{"@type":"BreadcrumbList","@id":"https:\/\/hotel-roosevelt.com\/business\/#breadcrumb","itemListElement":[{"@type":"ListItem","position":1,"name":"Accueil","item":"https:\/\/hotel-roosevelt.com\/"},{"@type":"ListItem","position":2,"name":"business"}]},{"@type":"WebSite","@id":"https:\/\/hotel-roosevelt.com\/#website","url":"https:\/\/hotel-roosevelt.com\/","name":"H\u00f4tel Roosevelt","description":"SITIO OFICIAL | \u00a1Las mejores tarifas disponibles!","potentialAction":[{"@type":"SearchAction","target":{"@type":"EntryPoint","urlTemplate":"https:\/\/hotel-roosevelt.com\/?s={search_term_string}"},"query-input":{"@type":"PropertyValueSpecification","valueRequired":true,"valueName":"search_term_string"}}],"inLanguage":"es-ES"}]}},"_links":{"self":[{"href":"https:\/\/hotel-roosevelt.com\/es\/wp-json\/wp\/v2\/pages\/2758","targetHints":{"allow":["GET"]}}],"collection":[{"href":"https:\/\/hotel-roosevelt.com\/es\/wp-json\/wp\/v2\/pages"}],"about":[{"href":"https:\/\/hotel-roosevelt.com\/es\/wp-json\/wp\/v2\/types\/page"}],"author":[{"embeddable":true,"href":"https:\/\/hotel-roosevelt.com\/es\/wp-json\/wp\/v2\/users\/2"}],"replies":[{"embeddable":true,"href":"https:\/\/hotel-roosevelt.com\/es\/wp-json\/wp\/v2\/comments?post=2758"}],"version-history":[{"count":0,"href":"https:\/\/hotel-roosevelt.com\/es\/wp-json\/wp\/v2\/pages\/2758\/revisions"}],"wp:attachment":[{"href":"https:\/\/hotel-roosevelt.com\/es\/wp-json\/wp\/v2\/media?parent=2758"}],"curies":[{"name":"wp","href":"https:\/\/api.w.org\/{rel}","templated":true}]}}