{"id":2770,"date":"2021-12-09T16:29:50","date_gmt":"2021-12-09T15:29:50","guid":{"rendered":"https:\/\/hotel-roosevelt.com\/gallery\/"},"modified":"2023-05-23T15:36:16","modified_gmt":"2023-05-23T13:36:16","slug":"gallery","status":"publish","type":"page","link":"https:\/\/hotel-roosevelt.com\/es\/gallery\/","title":{"rendered":"gallery"},"content":{"rendered":"<p>[et_pb_section fb_built=&#8221;1&#8243; module_class=&#8221;bannerMargin-top&#8221; _builder_version=&#8221;4.17.0&#8243; _module_preset=&#8221;default&#8221; background_image=&#8221;https:\/\/hotel-roosevelt.com\/wp-content\/uploads\/2022\/04\/photo.jpg&#8221; height=&#8221;400px&#8221; height_tablet=&#8221;250px&#8221; height_phone=&#8221;200px&#8221; height_last_edited=&#8221;on|phone&#8221; filter_brightness=&#8221;80%&#8221; background_last_edited=&#8221;on|tablet&#8221; background_image_tablet=&#8221;https:\/\/hotel-roosevelt.com\/wp-content\/uploads\/2021\/12\/gallery-mobile.jpg&#8221; background_enable_image_tablet=&#8221;on&#8221; background_size_tablet=&#8221;cover&#8221; background_size_phone=&#8221;cover&#8221; global_colors_info=&#8221;{}&#8221;][\/et_pb_section][et_pb_section fb_built=&#8221;1&#8243; _builder_version=&#8221;4.16&#8243; _module_preset=&#8221;default&#8221; custom_padding=&#8221;9px||0px|||&#8221; global_colors_info=&#8221;{}&#8221;][et_pb_row module_class=&#8221;box-shadow-section&#8221; _builder_version=&#8221;4.16&#8243; _module_preset=&#8221;default&#8221; max_width=&#8221;1080px&#8221; custom_padding=&#8221;0px||9px|||&#8221; locked=&#8221;off&#8221; global_colors_info=&#8221;{}&#8221;][et_pb_column type=&#8221;4_4&#8243; _builder_version=&#8221;4.16&#8243; _module_preset=&#8221;default&#8221; global_colors_info=&#8221;{}&#8221;][et_pb_text _builder_version=&#8221;4.16&#8243; _module_preset=&#8221;default&#8221; header_font=&#8221;|300|||||||&#8221; header_font_size=&#8221;42px&#8221; text_orientation=&#8221;center&#8221; custom_margin=&#8221;||4px|||&#8221; custom_padding=&#8221;18px|||||&#8221; header_font_size_tablet=&#8221;35px&#8221; header_font_size_phone=&#8221;28px&#8221; header_font_size_last_edited=&#8221;on|tablet&#8221; global_colors_info=&#8221;{}&#8221;]<\/p>\n<h1><span>Galer\u00eda de fotos<\/span><\/h1>\n<p>[\/et_pb_text][et_pb_text _builder_version=&#8221;4.16&#8243; _module_preset=&#8221;default&#8221; text_font_size=&#8221;16px&#8221; text_orientation=&#8221;center&#8221; custom_margin=&#8221;||0px||false|false&#8221; custom_padding=&#8221;||50px|||&#8221; custom_padding_tablet=&#8221;||22px|||&#8221; custom_padding_phone=&#8221;||10px||false|false&#8221; custom_padding_last_edited=&#8221;on|phone&#8221; global_colors_info=&#8221;{}&#8221;]<\/p>\n<p><span>Descubra el hotel y sus alrededores en im\u00e1genes<\/span><\/p>\n<p>[\/et_pb_text][\/et_pb_column][\/et_pb_row][\/et_pb_section][et_pb_section fb_built=&#8221;1&#8243; custom_padding_last_edited=&#8221;off|desktop&#8221; _builder_version=&#8221;4.16&#8243; _module_preset=&#8221;default&#8221; custom_padding=&#8221;7px|15px||15px|false|true&#8221; custom_padding_tablet=&#8221;0px||||false|false&#8221; custom_padding_phone=&#8221;0px||||false|false&#8221; global_colors_info=&#8221;{}&#8221;][et_pb_row use_custom_gutter=&#8221;on&#8221; gutter_width=&#8221;1&#8243; _builder_version=&#8221;4.16&#8243; _module_preset=&#8221;default&#8221; width=&#8221;100%&#8221; max_width=&#8221;100%&#8221; custom_margin=&#8221;10px|auto||auto||&#8221; custom_padding=&#8221;5px|||||&#8221; global_colors_info=&#8221;{}&#8221;][et_pb_column type=&#8221;4_4&#8243; _builder_version=&#8221;4.16&#8243; _module_preset=&#8221;default&#8221; global_colors_info=&#8221;{}&#8221;][et_pb_gallery gallery_ids=&#8221;6612,6616,6620,6624,6628,6632,6636,6640,6644,6648,6652,6656,6660,6664,6668,6672,6676,6684,6688,6696,6700,6704,6708,6712,6716,6720,6724,6728,6732,6736,6740&#8243; gallery_orderby=&#8221;rand&#8221; posts_number=&#8221;32&#8243; show_title_and_caption=&#8221;off&#8221; show_pagination=&#8221;off&#8221; hover_overlay_color=&#8221;rgba(29,29,29,0.31)&#8221; hover_icon=&#8221;&#x55;||divi||400&#8243; _builder_version=&#8221;4.21.0&#8243; _module_preset=&#8221;default&#8221; hover_enabled=&#8221;0&#8243; custom_css_gallery_item=&#8221;padding:3px;&#8221; locked=&#8221;off&#8221; global_colors_info=&#8221;{}&#8221; sticky_enabled=&#8221;0&#8243;][\/et_pb_gallery][\/et_pb_column][\/et_pb_row][\/et_pb_section]<\/p>\n","protected":false},"excerpt":{"rendered":"<p>Galer\u00eda de fotosDescubra el hotel y sus alrededores en im\u00e1genes<\/p>\n","protected":false},"author":2,"featured_media":0,"parent":0,"menu_order":0,"comment_status":"closed","ping_status":"closed","template":"","meta":{"_et_pb_use_builder":"on","_et_pb_old_content":"","_et_gb_content_width":"","footnotes":""},"class_list":["post-2770","page","type-page","status-publish","hentry"],"yoast_head":"<!-- This site is optimized with the Yoast SEO plugin v27.3 - https:\/\/yoast.com\/product\/yoast-seo-wordpress\/ -->\n<title>gallery - H\u00f4tel Roosevelt<\/title>\n<meta name=\"robots\" content=\"index, follow, max-snippet:-1, max-image-preview:large, max-video-preview:-1\" \/>\n<link rel=\"canonical\" href=\"https:\/\/hotel-roosevelt.com\/es\/gallery\/\" \/>\n<meta property=\"og:locale\" content=\"es_ES\" \/>\n<meta property=\"og:type\" content=\"article\" \/>\n<meta property=\"og:title\" content=\"gallery - H\u00f4tel Roosevelt\" \/>\n<meta property=\"og:description\" content=\"Galer\u00eda de fotosDescubra el hotel y sus alrededores en im\u00e1genes\" \/>\n<meta property=\"og:url\" content=\"https:\/\/hotel-roosevelt.com\/es\/gallery\/\" \/>\n<meta property=\"og:site_name\" content=\"H\u00f4tel Roosevelt\" \/>\n<meta property=\"article:modified_time\" content=\"2023-05-23T13:36:16+00:00\" \/>\n<meta name=\"twitter:card\" content=\"summary_large_image\" \/>\n<meta name=\"twitter:label1\" content=\"Est. reading time\" \/>\n\t<meta name=\"twitter:data1\" content=\"1 minute\" \/>\n<script type=\"application\/ld+json\" class=\"yoast-schema-graph\">{\"@context\":\"https:\\\/\\\/schema.org\",\"@graph\":[{\"@type\":\"WebPage\",\"@id\":\"https:\\\/\\\/hotel-roosevelt.com\\\/es\\\/gallery\\\/\",\"url\":\"https:\\\/\\\/hotel-roosevelt.com\\\/es\\\/gallery\\\/\",\"name\":\"gallery - H\u00f4tel Roosevelt\",\"isPartOf\":{\"@id\":\"https:\\\/\\\/hotel-roosevelt.com\\\/#website\"},\"datePublished\":\"2021-12-09T15:29:50+00:00\",\"dateModified\":\"2023-05-23T13:36:16+00:00\",\"breadcrumb\":{\"@id\":\"https:\\\/\\\/hotel-roosevelt.com\\\/es\\\/gallery\\\/#breadcrumb\"},\"inLanguage\":\"es-ES\",\"potentialAction\":[{\"@type\":\"ReadAction\",\"target\":[\"https:\\\/\\\/hotel-roosevelt.com\\\/es\\\/gallery\\\/\"]}]},{\"@type\":\"BreadcrumbList\",\"@id\":\"https:\\\/\\\/hotel-roosevelt.com\\\/es\\\/gallery\\\/#breadcrumb\",\"itemListElement\":[{\"@type\":\"ListItem\",\"position\":1,\"name\":\"Accueil\",\"item\":\"https:\\\/\\\/hotel-roosevelt.com\\\/\"},{\"@type\":\"ListItem\",\"position\":2,\"name\":\"gallery\"}]},{\"@type\":\"WebSite\",\"@id\":\"https:\\\/\\\/hotel-roosevelt.com\\\/#website\",\"url\":\"https:\\\/\\\/hotel-roosevelt.com\\\/\",\"name\":\"H\u00f4tel Roosevelt\",\"description\":\"SITIO OFICIAL | \u00a1Las mejores tarifas disponibles!\",\"potentialAction\":[{\"@type\":\"SearchAction\",\"target\":{\"@type\":\"EntryPoint\",\"urlTemplate\":\"https:\\\/\\\/hotel-roosevelt.com\\\/?s={search_term_string}\"},\"query-input\":{\"@type\":\"PropertyValueSpecification\",\"valueRequired\":true,\"valueName\":\"search_term_string\"}}],\"inLanguage\":\"es-ES\"}]}<\/script>\n<!-- \/ Yoast SEO plugin. -->","yoast_head_json":{"title":"gallery - H\u00f4tel Roosevelt","robots":{"index":"index","follow":"follow","max-snippet":"max-snippet:-1","max-image-preview":"max-image-preview:large","max-video-preview":"max-video-preview:-1"},"canonical":"https:\/\/hotel-roosevelt.com\/es\/gallery\/","og_locale":"es_ES","og_type":"article","og_title":"gallery - H\u00f4tel Roosevelt","og_description":"Galer\u00eda de fotosDescubra el hotel y sus alrededores en im\u00e1genes","og_url":"https:\/\/hotel-roosevelt.com\/es\/gallery\/","og_site_name":"H\u00f4tel Roosevelt","article_modified_time":"2023-05-23T13:36:16+00:00","twitter_card":"summary_large_image","twitter_misc":{"Est. reading time":"1 minute"},"schema":{"@context":"https:\/\/schema.org","@graph":[{"@type":"WebPage","@id":"https:\/\/hotel-roosevelt.com\/es\/gallery\/","url":"https:\/\/hotel-roosevelt.com\/es\/gallery\/","name":"gallery - H\u00f4tel Roosevelt","isPartOf":{"@id":"https:\/\/hotel-roosevelt.com\/#website"},"datePublished":"2021-12-09T15:29:50+00:00","dateModified":"2023-05-23T13:36:16+00:00","breadcrumb":{"@id":"https:\/\/hotel-roosevelt.com\/es\/gallery\/#breadcrumb"},"inLanguage":"es-ES","potentialAction":[{"@type":"ReadAction","target":["https:\/\/hotel-roosevelt.com\/es\/gallery\/"]}]},{"@type":"BreadcrumbList","@id":"https:\/\/hotel-roosevelt.com\/es\/gallery\/#breadcrumb","itemListElement":[{"@type":"ListItem","position":1,"name":"Accueil","item":"https:\/\/hotel-roosevelt.com\/"},{"@type":"ListItem","position":2,"name":"gallery"}]},{"@type":"WebSite","@id":"https:\/\/hotel-roosevelt.com\/#website","url":"https:\/\/hotel-roosevelt.com\/","name":"H\u00f4tel Roosevelt","description":"SITIO OFICIAL | \u00a1Las mejores tarifas disponibles!","potentialAction":[{"@type":"SearchAction","target":{"@type":"EntryPoint","urlTemplate":"https:\/\/hotel-roosevelt.com\/?s={search_term_string}"},"query-input":{"@type":"PropertyValueSpecification","valueRequired":true,"valueName":"search_term_string"}}],"inLanguage":"es-ES"}]}},"_links":{"self":[{"href":"https:\/\/hotel-roosevelt.com\/es\/wp-json\/wp\/v2\/pages\/2770","targetHints":{"allow":["GET"]}}],"collection":[{"href":"https:\/\/hotel-roosevelt.com\/es\/wp-json\/wp\/v2\/pages"}],"about":[{"href":"https:\/\/hotel-roosevelt.com\/es\/wp-json\/wp\/v2\/types\/page"}],"author":[{"embeddable":true,"href":"https:\/\/hotel-roosevelt.com\/es\/wp-json\/wp\/v2\/users\/2"}],"replies":[{"embeddable":true,"href":"https:\/\/hotel-roosevelt.com\/es\/wp-json\/wp\/v2\/comments?post=2770"}],"version-history":[{"count":0,"href":"https:\/\/hotel-roosevelt.com\/es\/wp-json\/wp\/v2\/pages\/2770\/revisions"}],"wp:attachment":[{"href":"https:\/\/hotel-roosevelt.com\/es\/wp-json\/wp\/v2\/media?parent=2770"}],"curies":[{"name":"wp","href":"https:\/\/api.w.org\/{rel}","templated":true}]}}