{"id":2775,"date":"2021-12-09T16:39:01","date_gmt":"2021-12-09T15:39:01","guid":{"rendered":"https:\/\/hotel-roosevelt.com\/hotel\/"},"modified":"2023-10-23T10:29:25","modified_gmt":"2023-10-23T08:29:25","slug":"hotel","status":"publish","type":"page","link":"https:\/\/hotel-roosevelt.com\/es\/hotel\/","title":{"rendered":"hotel"},"content":{"rendered":"<p>[et_pb_section fb_built=&#8221;1&#8243; module_class=&#8221;bannerMargin-top&#8221; _builder_version=&#8221;4.23&#8243; _module_preset=&#8221;default&#8221; background_image=&#8221;https:\/\/hotel-roosevelt.com\/wp-content\/uploads\/2022\/11\/Banner_Hotel.jpg&#8221; height=&#8221;400px&#8221; height_tablet=&#8221;250px&#8221; height_phone=&#8221;200px&#8221; height_last_edited=&#8221;on|phone&#8221; hover_enabled=&#8221;0&#8243; global_colors_info=&#8221;{}&#8221; title_text=&#8221;Banner_Hotel&#8221; sticky_enabled=&#8221;0&#8243;][\/et_pb_section][et_pb_section fb_built=&#8221;1&#8243; _builder_version=&#8221;4.16&#8243; _module_preset=&#8221;default&#8221; custom_padding=&#8221;37px||0px|||&#8221; global_colors_info=&#8221;{}&#8221;][et_pb_row module_class=&#8221;box-shadow-section&#8221; _builder_version=&#8221;4.16&#8243; _module_preset=&#8221;default&#8221; width_tablet=&#8221;&#8221; width_phone=&#8221;90%&#8221; width_last_edited=&#8221;on|phone&#8221; custom_padding=&#8221;0px||9px|||&#8221; locked=&#8221;off&#8221; global_colors_info=&#8221;{}&#8221;][et_pb_column type=&#8221;4_4&#8243; _builder_version=&#8221;4.16&#8243; _module_preset=&#8221;default&#8221; global_colors_info=&#8221;{}&#8221;][et_pb_text _builder_version=&#8221;4.16&#8243; _module_preset=&#8221;default&#8221; header_font=&#8221;|300|||||||&#8221; header_font_size=&#8221;42px&#8221; text_orientation=&#8221;center&#8221; custom_margin=&#8221;||4px|||&#8221; custom_padding=&#8221;18px|||||&#8221; header_font_size_tablet=&#8221;30px&#8221; header_font_size_phone=&#8221;24px&#8221; header_font_size_last_edited=&#8221;on|phone&#8221; global_colors_info=&#8221;{}&#8221;]<\/p>\n<h1><span>\u201cEl hotel Roosevelt es como estar en casa&#8230; \u00a1solo que mucho mejor!\u201d<\/span><\/h1>\n<p>[\/et_pb_text][et_pb_text _builder_version=&#8221;4.16&#8243; _module_preset=&#8221;default&#8221; text_font_size=&#8221;16px&#8221; text_orientation=&#8221;center&#8221; custom_margin=&#8221;||40px|||&#8221; text_font_size_tablet=&#8221;16px&#8221; text_font_size_phone=&#8221;15px&#8221; text_font_size_last_edited=&#8221;on|phone&#8221; global_colors_info=&#8221;{}&#8221;]<span>&#8220;\u201c\u00a1Cerca de todo, cerca de usted!\u201d<\/span><\/p>\n<p><span> \u00bfQu\u00e9 es lo m\u00e1s importante? \u00a1Usted! \u00bfQu\u00e9 nos hace diferentes? \u00a1Nosotros!<\/span><br \/>\nPuesto que cada viaje es diferente y cada viajero es importante, nuestro equipo le da la bienvenida en un entorno aut\u00e9ntico, hogare\u00f1o y elegante. Encu\u00e9ntrese en el centro de todo y descubra Lyon desde su coraz\u00f3n mismo.<\/p>\n<p>Ponemos toda nuestra experiencia al servicio de su estad\u00eda, sin importar sus necesidades o el motivo de su viaje.&#8221;[\/et_pb_text][\/et_pb_column][\/et_pb_row][\/et_pb_section][et_pb_section fb_built=&#8221;1&#8243; custom_padding_last_edited=&#8221;on|tablet&#8221; _builder_version=&#8221;4.16&#8243; _module_preset=&#8221;default&#8221; custom_padding=&#8221;7px|||||&#8221; custom_padding_tablet=&#8221;0px||||false|false&#8221; custom_padding_phone=&#8221;0px||||false|false&#8221; global_colors_info=&#8221;{}&#8221;][et_pb_row column_structure=&#8221;1_2,1_2&#8243; custom_padding_last_edited=&#8221;on|phone&#8221; _builder_version=&#8221;4.16&#8243; _module_preset=&#8221;default&#8221; background_image=&#8221;https:\/\/hotel-roosevelt.com\/wp-content\/uploads\/&#8221; background_size=&#8221;contain&#8221; background_position=&#8221;top_center&#8221; width_tablet=&#8221;&#8221; width_phone=&#8221;90%&#8221; width_last_edited=&#8221;on|phone&#8221; custom_padding=&#8221;110px||31px|||&#8221; custom_padding_tablet=&#8221;60px||||false|false&#8221; custom_padding_phone=&#8221;60px||||false|false&#8221; border_width_bottom=&#8221;1px&#8221; border_color_bottom=&#8221;rgba(157,157,157,0.53)&#8221; global_colors_info=&#8221;{}&#8221;][et_pb_column type=&#8221;1_2&#8243; _builder_version=&#8221;4.16&#8243; _module_preset=&#8221;default&#8221; global_colors_info=&#8221;{}&#8221;][et_pb_image src=&#8221;https:\/\/hotel-roosevelt.com\/wp-content\/uploads\/2022\/04\/hotel1.jpg&#8221; title_text=&#8221;hotel1&#8243; _builder_version=&#8221;4.17.0&#8243; _module_preset=&#8221;default&#8221; global_colors_info=&#8221;{}&#8221;][\/et_pb_image][\/et_pb_column][et_pb_column type=&#8221;1_2&#8243; _builder_version=&#8221;4.16&#8243; _module_preset=&#8221;default&#8221; global_colors_info=&#8221;{}&#8221;][et_pb_text _builder_version=&#8221;4.16&#8243; _module_preset=&#8221;default&#8221; header_font=&#8221;|300|||||||&#8221; header_font_size=&#8221;42px&#8221; header_2_font=&#8221;|300|||||||&#8221; header_2_text_align=&#8221;left&#8221; header_2_font_size=&#8221;36px&#8221; text_orientation=&#8221;center&#8221; custom_margin=&#8221;||-1px|||&#8221; custom_margin_tablet=&#8221;||0px||false|false&#8221; custom_margin_phone=&#8221;||0px||false|false&#8221; custom_margin_last_edited=&#8221;on|tablet&#8221; custom_padding=&#8221;43px|||||&#8221; custom_padding_tablet=&#8221;10px||||false|false&#8221; custom_padding_phone=&#8221;10px||||false|false&#8221; custom_padding_last_edited=&#8221;on|tablet&#8221; header_2_font_size_tablet=&#8221;30px&#8221; header_2_font_size_phone=&#8221;25px&#8221; header_2_font_size_last_edited=&#8221;on|tablet&#8221; global_colors_info=&#8221;{}&#8221;]<\/p>\n<h2><span>Descubrir<\/span><\/h2>\n<p>[\/et_pb_text][et_pb_text ul_type=&#8221;none&#8221; _builder_version=&#8221;4.16&#8243; _module_preset=&#8221;default&#8221; custom_padding=&#8221;8px||0px|||&#8221; custom_padding_tablet=&#8221;0px||0px||false|false&#8221; custom_padding_phone=&#8221;0px||0px||false|false&#8221; custom_padding_last_edited=&#8221;on|tablet&#8221; global_colors_info=&#8221;{}&#8221;]<\/p>\n<p>&#8220;El hotel Roosevelt es un establecimiento con una s\u00f3lida historia. Orgulloso de su pasado, establecido firmemente en su presente y ya pensando en su futuro, ha sabido evolucionar a lo largo de sus cincuenta a\u00f1os de existencia y, ahora, abre un nuevo cap\u00edtulo de su historia con la renovaci\u00f3n completa de sus habitaciones.<\/p>\n<p>Siempre estamos a su lado, escuch\u00e1ndole y tom\u00e1ndonos el tiempo necesario para estar en sinton\u00eda con nuestros tiempos. Con esto en mente, hemos redise\u00f1ado nuestros equipos y nuestra identidad visual para seguir siendo su hotel de referencia en Lyon.<\/p>\n<p>En el coraz\u00f3n de la ciudad, somos su encuentro con una acogida de calidad y nos redise\u00f1amos constantemente para adaptarnos a usted.&#8221;<\/p>\n<p>[\/et_pb_text][\/et_pb_column][\/et_pb_row][et_pb_row column_structure=&#8221;1_2,1_2&#8243; custom_padding_last_edited=&#8221;on|tablet&#8221; _builder_version=&#8221;4.16&#8243; _module_preset=&#8221;default&#8221; background_enable_image=&#8221;off&#8221; background_size=&#8221;contain&#8221; background_position=&#8221;top_center&#8221; width_tablet=&#8221;&#8221; width_phone=&#8221;90%&#8221; width_last_edited=&#8221;on|phone&#8221; custom_padding=&#8221;49px|||||&#8221; custom_padding_tablet=&#8221;60px||||false|false&#8221; custom_padding_phone=&#8221;60px||||false|false&#8221; border_width_bottom=&#8221;1px&#8221; border_color_bottom=&#8221;rgba(157,157,157,0.53)&#8221; global_colors_info=&#8221;{}&#8221;][et_pb_column type=&#8221;1_2&#8243; _builder_version=&#8221;4.16&#8243; _module_preset=&#8221;default&#8221; global_colors_info=&#8221;{}&#8221;][et_pb_image src=&#8221;https:\/\/hotel-roosevelt.com\/wp-content\/uploads\/2022\/04\/hotel2.jpg&#8221; title_text=&#8221;hotel2&#8243; _builder_version=&#8221;4.17.0&#8243; _module_preset=&#8221;default&#8221; global_colors_info=&#8221;{}&#8221;][\/et_pb_image][\/et_pb_column][et_pb_column type=&#8221;1_2&#8243; _builder_version=&#8221;4.16&#8243; _module_preset=&#8221;default&#8221; global_colors_info=&#8221;{}&#8221;][et_pb_text _builder_version=&#8221;4.16&#8243; _module_preset=&#8221;default&#8221; header_font=&#8221;|300|||||||&#8221; header_font_size=&#8221;42px&#8221; header_2_font=&#8221;|300|||||||&#8221; header_2_text_align=&#8221;left&#8221; header_2_font_size=&#8221;36px&#8221; text_orientation=&#8221;center&#8221; custom_margin=&#8221;||-1px|||&#8221; custom_margin_tablet=&#8221;||0px||false|false&#8221; custom_margin_phone=&#8221;||0px||false|false&#8221; custom_margin_last_edited=&#8221;on|tablet&#8221; custom_padding=&#8221;10px||||false|false&#8221; header_2_font_size_tablet=&#8221;30px&#8221; header_2_font_size_phone=&#8221;25px&#8221; header_2_font_size_last_edited=&#8221;on|tablet&#8221; global_colors_info=&#8221;{}&#8221;]<\/p>\n<h2>Experiencia Roosevelt<\/h2>\n<p>[\/et_pb_text][et_pb_text ul_type=&#8221;none&#8221; _builder_version=&#8221;4.16&#8243; _module_preset=&#8221;default&#8221; custom_padding=&#8221;3px||0px|||&#8221; custom_padding_tablet=&#8221;0px||0px||false|false&#8221; custom_padding_phone=&#8221;0px||0px||false|false&#8221; custom_padding_last_edited=&#8221;on|tablet&#8221; global_colors_info=&#8221;{}&#8221;]<\/p>\n<p>&#8220;\u00bfLa experiencia del Roosevelt? Descubrir un establecimiento verdaderamente humano junto con su personal, atento y disponible.<\/p>\n<p>Nos comprometemos a conseguir que su estancia sea inolvidable. Para ello, ponemos nuestros conocimientos, nuestra profesionalidad y nuestra escucha a su servicio. Sabemos que dos personas no viajan de la misma manera. Por eso no damos la bienvenida a ning\u00fan viajero como al anterior.<\/p>\n<p>Nuestra adaptabilidad nos permite satisfacer sus expectativas para que pueda concentrarse solo en lo importante. Damos gran importancia a aquellas peque\u00f1as cosas que marcan la diferencia.\u00a0<\/p>\n<p>Un ambiente c\u00e1lido, nuestras instalaciones optimizadas, la bienvenida personalizada&#8230; todos estos pilares constituyen nuestro ADN, nuestra raz\u00f3n de ser. Ponemos a su disposici\u00f3n nuestro conocimiento del barrio, de la ciudad y de una gran parte de los servicios que puede ofrecer.&#8221;<\/p>\n<p>[\/et_pb_text][\/et_pb_column][\/et_pb_row][et_pb_row column_structure=&#8221;1_2,1_2&#8243; custom_padding_last_edited=&#8221;on|tablet&#8221; _builder_version=&#8221;4.16&#8243; _module_preset=&#8221;default&#8221; background_enable_image=&#8221;off&#8221; background_size=&#8221;contain&#8221; background_position=&#8221;top_center&#8221; width_tablet=&#8221;&#8221; width_phone=&#8221;90%&#8221; width_last_edited=&#8221;on|phone&#8221; custom_padding=&#8221;56px|||||&#8221; custom_padding_tablet=&#8221;60px||||false|false&#8221; custom_padding_phone=&#8221;60px||||false|false&#8221; border_width_bottom=&#8221;1px&#8221; border_color_bottom=&#8221;rgba(157,157,157,0.53)&#8221; global_colors_info=&#8221;{}&#8221;][et_pb_column type=&#8221;1_2&#8243; _builder_version=&#8221;4.16&#8243; _module_preset=&#8221;default&#8221; global_colors_info=&#8221;{}&#8221;][et_pb_image src=&#8221;https:\/\/hotel-roosevelt.com\/wp-content\/uploads\/2022\/04\/hotel3.jpg&#8221; title_text=&#8221;hotel3&#8243; _builder_version=&#8221;4.17.0&#8243; _module_preset=&#8221;default&#8221; global_colors_info=&#8221;{}&#8221;][\/et_pb_image][\/et_pb_column][et_pb_column type=&#8221;1_2&#8243; _builder_version=&#8221;4.16&#8243; _module_preset=&#8221;default&#8221; global_colors_info=&#8221;{}&#8221;][et_pb_text _builder_version=&#8221;4.16&#8243; _module_preset=&#8221;default&#8221; header_font=&#8221;|300|||||||&#8221; header_font_size=&#8221;42px&#8221; header_2_font=&#8221;|300|||||||&#8221; header_2_text_align=&#8221;left&#8221; header_2_font_size=&#8221;36px&#8221; text_orientation=&#8221;center&#8221; custom_margin=&#8221;||-1px|||&#8221; custom_margin_tablet=&#8221;||0px||false|false&#8221; custom_margin_phone=&#8221;||0px||false|false&#8221; custom_margin_last_edited=&#8221;on|tablet&#8221; custom_padding=&#8221;10px||||false|false&#8221; header_2_font_size_tablet=&#8221;30px&#8221; header_2_font_size_phone=&#8221;25px&#8221; header_2_font_size_last_edited=&#8221;on|tablet&#8221; global_colors_info=&#8221;{}&#8221;]<\/p>\n<h2>Mas que un hote<\/h2>\n<p>[\/et_pb_text][et_pb_text ul_type=&#8221;none&#8221; _builder_version=&#8221;4.16&#8243; _module_preset=&#8221;default&#8221; custom_padding=&#8221;3px||0px|||&#8221; custom_padding_tablet=&#8221;0px||0px||false|false&#8221; custom_padding_phone=&#8221;0px||0px||false|false&#8221; custom_padding_last_edited=&#8221;on|tablet&#8221; global_colors_info=&#8221;{}&#8221;]<\/p>\n<p>&#8220;Sabemos que lo m\u00e1s importante a la hora de dormir en un hotel es&#8230; \u00a1dormir bien! Hemos escuchado sus comentarios y hemos redise\u00f1ado nuestras habitaciones y sus equipos para ofrecerle la mayor tranquilidad. Una habitaci\u00f3n dise\u00f1ada como un acogedor capullo, una burbuja suave y relajante.\u00a0<\/p>\n<p>Todo lo que pueda necesitar para disfrutar al m\u00e1ximo de las pocas horas que pasa con nosotros lo tiene al alcance de la mano. Wifi, tomas de USB, impresora de libre acceso&#8230; todo est\u00e1 dise\u00f1ado para que no usted tenga que pensar en ello. Una comodidad relajante y reconfortante.<\/p>\n<p>Nuestro desaf\u00edo es mantenernos, como m\u00ednimo, con el mismo nivel de autenticidad y calidad.&#8221;<\/p>\n<p>[\/et_pb_text][et_pb_text _builder_version=&#8221;4.16&#8243; _module_preset=&#8221;default&#8221; hover_transition_duration=&#8221;450ms&#8221; global_colors_info=&#8221;{}&#8221;]<\/p>\n<p id=\"more\">&#8220;Toda su estancia, hasta el m\u00e1s m\u00ednimo detalle, est\u00e1 pensada para ofrecerle un momento \u00fanico. Desde el acogedor bar hasta el personal de restauraci\u00f3n, que le llevar\u00e1 la cena bajo una campana de plata, pasando por las tintorer\u00edas, que dejar\u00e1n su traje sucio como nuevo; nuestra asociaci\u00f3n con el gimnasio adyacente, que le dar\u00e1 la bienvenida en sus instalaciones, e incluso el ch\u00f3fer que tendr\u00e1 a su disposici\u00f3n, sin olvidarnos del aparcamiento seguro que acoger\u00e1 su veh\u00edculo a petici\u00f3n. Du bar cosy, au restaurateur qui apporte le d\u00eener sous une cloche en argent, en passant par le pressing qui fera de votre costume sale un vague souvenir\u2026 jusqu\u2019au partenariat bienvenu avec la salle de sport voisine, ou au chauffeur qui sera mis \u00e0 votre disposition\u2026 sans oublier le parking s\u00e9curis\u00e9 qui accueillera votre v\u00e9hicule selon la demande.<br \/>\u00a1No encontrar\u00e1 otro lugar mejor donde descansar que con nosotros! Como dice nuestro equipo: \u201cEl hotel Roosevelt es como estar en casa&#8230; \u00a1solo que mucho mejor!&#8221;&#8221;&#8221; Comme le dit l\u2019\u00e9quipe : \u00ab L\u2019H\u00f4tel Roosevelt c\u2019est comme \u00e0 la maison\u2026 mais en mieux ! \u00bb<\/p>\n<p><span id=\"myBtn-remove\">Menos &#8211;<\/span><br \/><span id=\"myBtn\">M\u00e1s detalles +<\/span><\/p>\n<p>[\/et_pb_text][\/et_pb_column][\/et_pb_row][et_pb_row column_structure=&#8221;1_2,1_2&#8243; custom_padding_last_edited=&#8221;on|tablet&#8221; _builder_version=&#8221;4.16&#8243; _module_preset=&#8221;default&#8221; background_enable_image=&#8221;off&#8221; background_size=&#8221;contain&#8221; background_position=&#8221;top_center&#8221; width_tablet=&#8221;&#8221; width_phone=&#8221;90%&#8221; width_last_edited=&#8221;on|phone&#8221; custom_padding=&#8221;56px|||||&#8221; custom_padding_tablet=&#8221;60px||||false|false&#8221; custom_padding_phone=&#8221;60px||||false|false&#8221; border_color_bottom=&#8221;rgba(157,157,157,0.53)&#8221; global_colors_info=&#8221;{}&#8221;][et_pb_column type=&#8221;1_2&#8243; _builder_version=&#8221;4.16&#8243; _module_preset=&#8221;default&#8221; global_colors_info=&#8221;{}&#8221;][et_pb_image src=&#8221;https:\/\/hotel-roosevelt.com\/wp-content\/uploads\/2022\/06\/Rhone_630x470.png&#8221; title_text=&#8221;Rhone_630x470&#8243; _builder_version=&#8221;4.17.4&#8243; _module_preset=&#8221;default&#8221; global_colors_info=&#8221;{}&#8221;][\/et_pb_image][\/et_pb_column][et_pb_column type=&#8221;1_2&#8243; _builder_version=&#8221;4.16&#8243; _module_preset=&#8221;default&#8221; global_colors_info=&#8221;{}&#8221;][et_pb_text _builder_version=&#8221;4.16&#8243; _module_preset=&#8221;default&#8221; header_font=&#8221;|300|||||||&#8221; header_font_size=&#8221;42px&#8221; header_2_font=&#8221;|300|||||||&#8221; header_2_text_align=&#8221;left&#8221; header_2_font_size=&#8221;36px&#8221; text_orientation=&#8221;center&#8221; custom_margin=&#8221;||-1px|||&#8221; custom_padding=&#8221;6px|||||&#8221; header_2_font_size_tablet=&#8221;30px&#8221; header_2_font_size_phone=&#8221;25px&#8221; header_2_font_size_last_edited=&#8221;on|tablet&#8221; global_colors_info=&#8221;{}&#8221;]<\/p>\n<h2>Unas palabras del director<\/h2>\n<p>[\/et_pb_text][et_pb_text ul_type=&#8221;none&#8221; _builder_version=&#8221;4.16&#8243; _module_preset=&#8221;default&#8221; custom_padding=&#8221;3px||0px|||&#8221; custom_padding_tablet=&#8221;0px||0px||false|false&#8221; custom_padding_phone=&#8221;0px||0px||false|false&#8221; custom_padding_last_edited=&#8221;on|tablet&#8221; global_colors_info=&#8221;{}&#8221;]<\/p>\n<p>No importa si va a pasar con nosotros unas horas o unos d\u00edas. \u00a1Le damos la bienvenida!<\/p>\n<p>Le ofrecemos un par\u00e9ntesis de tranquilidad, comodidad relajante y una amplia gama de posibilidades en el coraz\u00f3n de la ciudad para vivir, disfrutar y trabajar como desee.<\/p>\n<p>Hemos concebido cada habitaci\u00f3n para que cumpla con sus expectativas y necesidades y le permita una estancia tranquila y serena. Sus instalaciones se han dise\u00f1ado para que ya no tenga que pensar en ello, a fin de que pueda concentrarse en lo esencial y disfrutar.<\/p>\n<p>Cada viaje es \u00fanico, y cada viajero lo es tambi\u00e9n para nosotros. Es por eso que le ofrecemos una amplia gama de servicios y asociaciones que puede descubrir en las siguientes p\u00e1ginas. Cualquiera sea su pregunta, su deseo o su necesidad, no dude en pedirnos consejos o n\u00fameros de contacto.<\/p>\n<p>\u00a1Estamos a su servicio, le escuchamos, nos adaptamos a usted y le deseamos una buena experiencia en el Roosevelt!<\/p>\n<p>Laurent Jaumes, director del establecimiento<\/p>\n<p>[\/et_pb_text][\/et_pb_column][\/et_pb_row][\/et_pb_section]<\/p>\n","protected":false},"excerpt":{"rendered":"<p>\u201cEl hotel Roosevelt es como estar en casa&#8230; \u00a1solo que mucho mejor!\u201d&#8221;\u201c\u00a1Cerca de todo, cerca de usted!\u201d \u00bfQu\u00e9 es lo m\u00e1s importante? \u00a1Usted! \u00bfQu\u00e9 nos hace diferentes? \u00a1Nosotros! Puesto que cada viaje es diferente y cada viajero es importante, nuestro equipo le da la bienvenida en un entorno aut\u00e9ntico, hogare\u00f1o y elegante. Encu\u00e9ntrese en el [&hellip;]<\/p>\n","protected":false},"author":2,"featured_media":0,"parent":0,"menu_order":0,"comment_status":"closed","ping_status":"closed","template":"","meta":{"_et_pb_use_builder":"on","_et_pb_old_content":"","_et_gb_content_width":"","footnotes":""},"class_list":["post-2775","page","type-page","status-publish","hentry"],"yoast_head":"<!-- This site is optimized with the Yoast SEO plugin v27.3 - https:\/\/yoast.com\/product\/yoast-seo-wordpress\/ -->\n<title>El Hotel Roosevelt es como un hogar | Hotel le Roosevelt Lyon ****<\/title>\n<meta name=\"description\" content=\"El Hotel Roosevelt hace todo lo posible para que se sienta como en casa, ya sea de vacaciones o de negocios.\" \/>\n<meta name=\"robots\" content=\"index, follow, max-snippet:-1, max-image-preview:large, max-video-preview:-1\" \/>\n<link rel=\"canonical\" href=\"https:\/\/hotel-roosevelt.com\/notre-hotel\/\" \/>\n<meta property=\"og:locale\" content=\"es_ES\" \/>\n<meta property=\"og:type\" content=\"article\" \/>\n<meta property=\"og:title\" content=\"El Hotel Roosevelt es como un hogar | Hotel le Roosevelt Lyon ****\" \/>\n<meta property=\"og:description\" content=\"El Hotel Roosevelt hace todo lo posible para que se sienta como en casa, ya sea de vacaciones o de negocios.\" \/>\n<meta property=\"og:url\" content=\"https:\/\/hotel-roosevelt.com\/notre-hotel\/\" \/>\n<meta property=\"og:site_name\" content=\"H\u00f4tel Roosevelt\" \/>\n<meta property=\"article:modified_time\" content=\"2023-10-23T08:29:25+00:00\" \/>\n<meta name=\"twitter:card\" content=\"summary_large_image\" \/>\n<meta name=\"twitter:label1\" content=\"Est. reading time\" \/>\n\t<meta name=\"twitter:data1\" content=\"6 minutes\" \/>\n<script type=\"application\/ld+json\" class=\"yoast-schema-graph\">{\"@context\":\"https:\\\/\\\/schema.org\",\"@graph\":[{\"@type\":\"WebPage\",\"@id\":\"https:\\\/\\\/hotel-roosevelt.com\\\/notre-hotel\\\/\",\"url\":\"https:\\\/\\\/hotel-roosevelt.com\\\/notre-hotel\\\/\",\"name\":\"El Hotel Roosevelt es como un hogar | Hotel le Roosevelt Lyon ****\",\"isPartOf\":{\"@id\":\"https:\\\/\\\/hotel-roosevelt.com\\\/#website\"},\"datePublished\":\"2021-12-09T15:39:01+00:00\",\"dateModified\":\"2023-10-23T08:29:25+00:00\",\"description\":\"El Hotel Roosevelt hace todo lo posible para que se sienta como en casa, ya sea de vacaciones o de negocios.\",\"breadcrumb\":{\"@id\":\"https:\\\/\\\/hotel-roosevelt.com\\\/notre-hotel\\\/#breadcrumb\"},\"inLanguage\":\"es-ES\",\"potentialAction\":[{\"@type\":\"ReadAction\",\"target\":[\"https:\\\/\\\/hotel-roosevelt.com\\\/notre-hotel\\\/\"]}]},{\"@type\":\"BreadcrumbList\",\"@id\":\"https:\\\/\\\/hotel-roosevelt.com\\\/notre-hotel\\\/#breadcrumb\",\"itemListElement\":[{\"@type\":\"ListItem\",\"position\":1,\"name\":\"Accueil\",\"item\":\"https:\\\/\\\/hotel-roosevelt.com\\\/\"},{\"@type\":\"ListItem\",\"position\":2,\"name\":\"hotel\"}]},{\"@type\":\"WebSite\",\"@id\":\"https:\\\/\\\/hotel-roosevelt.com\\\/#website\",\"url\":\"https:\\\/\\\/hotel-roosevelt.com\\\/\",\"name\":\"H\u00f4tel Roosevelt\",\"description\":\"SITIO OFICIAL | \u00a1Las mejores tarifas disponibles!\",\"potentialAction\":[{\"@type\":\"SearchAction\",\"target\":{\"@type\":\"EntryPoint\",\"urlTemplate\":\"https:\\\/\\\/hotel-roosevelt.com\\\/?s={search_term_string}\"},\"query-input\":{\"@type\":\"PropertyValueSpecification\",\"valueRequired\":true,\"valueName\":\"search_term_string\"}}],\"inLanguage\":\"es-ES\"}]}<\/script>\n<!-- \/ Yoast SEO plugin. -->","yoast_head_json":{"title":"El Hotel Roosevelt es como un hogar | Hotel le Roosevelt Lyon ****","description":"El Hotel Roosevelt hace todo lo posible para que se sienta como en casa, ya sea de vacaciones o de negocios.","robots":{"index":"index","follow":"follow","max-snippet":"max-snippet:-1","max-image-preview":"max-image-preview:large","max-video-preview":"max-video-preview:-1"},"canonical":"https:\/\/hotel-roosevelt.com\/notre-hotel\/","og_locale":"es_ES","og_type":"article","og_title":"El Hotel Roosevelt es como un hogar | Hotel le Roosevelt Lyon ****","og_description":"El Hotel Roosevelt hace todo lo posible para que se sienta como en casa, ya sea de vacaciones o de negocios.","og_url":"https:\/\/hotel-roosevelt.com\/notre-hotel\/","og_site_name":"H\u00f4tel Roosevelt","article_modified_time":"2023-10-23T08:29:25+00:00","twitter_card":"summary_large_image","twitter_misc":{"Est. reading time":"6 minutes"},"schema":{"@context":"https:\/\/schema.org","@graph":[{"@type":"WebPage","@id":"https:\/\/hotel-roosevelt.com\/notre-hotel\/","url":"https:\/\/hotel-roosevelt.com\/notre-hotel\/","name":"El Hotel Roosevelt es como un hogar | Hotel le Roosevelt Lyon ****","isPartOf":{"@id":"https:\/\/hotel-roosevelt.com\/#website"},"datePublished":"2021-12-09T15:39:01+00:00","dateModified":"2023-10-23T08:29:25+00:00","description":"El Hotel Roosevelt hace todo lo posible para que se sienta como en casa, ya sea de vacaciones o de negocios.","breadcrumb":{"@id":"https:\/\/hotel-roosevelt.com\/notre-hotel\/#breadcrumb"},"inLanguage":"es-ES","potentialAction":[{"@type":"ReadAction","target":["https:\/\/hotel-roosevelt.com\/notre-hotel\/"]}]},{"@type":"BreadcrumbList","@id":"https:\/\/hotel-roosevelt.com\/notre-hotel\/#breadcrumb","itemListElement":[{"@type":"ListItem","position":1,"name":"Accueil","item":"https:\/\/hotel-roosevelt.com\/"},{"@type":"ListItem","position":2,"name":"hotel"}]},{"@type":"WebSite","@id":"https:\/\/hotel-roosevelt.com\/#website","url":"https:\/\/hotel-roosevelt.com\/","name":"H\u00f4tel Roosevelt","description":"SITIO OFICIAL | \u00a1Las mejores tarifas disponibles!","potentialAction":[{"@type":"SearchAction","target":{"@type":"EntryPoint","urlTemplate":"https:\/\/hotel-roosevelt.com\/?s={search_term_string}"},"query-input":{"@type":"PropertyValueSpecification","valueRequired":true,"valueName":"search_term_string"}}],"inLanguage":"es-ES"}]}},"_links":{"self":[{"href":"https:\/\/hotel-roosevelt.com\/es\/wp-json\/wp\/v2\/pages\/2775","targetHints":{"allow":["GET"]}}],"collection":[{"href":"https:\/\/hotel-roosevelt.com\/es\/wp-json\/wp\/v2\/pages"}],"about":[{"href":"https:\/\/hotel-roosevelt.com\/es\/wp-json\/wp\/v2\/types\/page"}],"author":[{"embeddable":true,"href":"https:\/\/hotel-roosevelt.com\/es\/wp-json\/wp\/v2\/users\/2"}],"replies":[{"embeddable":true,"href":"https:\/\/hotel-roosevelt.com\/es\/wp-json\/wp\/v2\/comments?post=2775"}],"version-history":[{"count":0,"href":"https:\/\/hotel-roosevelt.com\/es\/wp-json\/wp\/v2\/pages\/2775\/revisions"}],"wp:attachment":[{"href":"https:\/\/hotel-roosevelt.com\/es\/wp-json\/wp\/v2\/media?parent=2775"}],"curies":[{"name":"wp","href":"https:\/\/api.w.org\/{rel}","templated":true}]}}