{"id":2796,"date":"2021-12-09T17:16:01","date_gmt":"2021-12-09T16:16:01","guid":{"rendered":"https:\/\/hotel-roosevelt.com\/politique-de-confidentialite\/"},"modified":"2022-05-04T17:59:57","modified_gmt":"2022-05-04T15:59:57","slug":"politique-de-confidentialite","status":"publish","type":"page","link":"https:\/\/hotel-roosevelt.com\/es\/politique-de-confidentialite\/","title":{"rendered":"Pol\u00edtica de Privacidad"},"content":{"rendered":"<p>[et_pb_section fb_built=&#8221;1&#8243; _builder_version=&#8221;4.16&#8243; _module_preset=&#8221;default&#8221; background_image=&#8221;https:\/\/hotel-roosevelt.com\/wp-content\/uploads\/2021\/11\/privacy.png&#8221; height=&#8221;500px&#8221; global_colors_info=&#8221;{}&#8221;][\/et_pb_section][et_pb_section fb_built=&#8221;1&#8243; _builder_version=&#8221;4.16&#8243; _module_preset=&#8221;default&#8221; custom_padding=&#8221;37px||96px|||&#8221; global_colors_info=&#8221;{}&#8221;][et_pb_row module_class=&#8221;box-shadow-section&#8221; _builder_version=&#8221;4.16&#8243; _module_preset=&#8221;default&#8221; max_width=&#8221;1080px&#8221; custom_padding=&#8221;0px||9px|||&#8221; locked=&#8221;off&#8221; global_colors_info=&#8221;{}&#8221;][et_pb_column type=&#8221;4_4&#8243; _builder_version=&#8221;4.16&#8243; _module_preset=&#8221;default&#8221; global_colors_info=&#8221;{}&#8221;][et_pb_text _builder_version=&#8221;4.16&#8243; _module_preset=&#8221;default&#8221; header_font=&#8221;|300|||||||&#8221; header_font_size=&#8221;42px&#8221; text_orientation=&#8221;center&#8221; custom_padding=&#8221;42px|||||&#8221; global_colors_info=&#8221;{}&#8221;]<\/p>\n<h1><span novaref=\"4582263\" novatype=\"txt\">Pol\u00edtica de Privacidad<\/span><\/h1>\n<p>[\/et_pb_text][et_pb_text _builder_version=&#8221;4.16&#8243; _module_preset=&#8221;default&#8221; text_font_size=&#8221;16px&#8221; global_colors_info=&#8221;{}&#8221;]<\/p>\n<p novaref=\"4582288\" novatype=\"multi\">Pol\u00edtica de Privacidad<\/p>\n<p novaref=\"4582288\" novatype=\"multi\">Cuando visita nuestro sitio web, se recopilan diferentes conjuntos de informaci\u00f3n, entre ellos, la direcci\u00f3n IP desde la que accede al sitio web, la versi\u00f3n y el tipo de navegador web que utiliza para acceder al sitio web, el sistema operativo utilizado, los dominios de origen y la fecha y hora de la solicitud. Con esta informaci\u00f3n, no podemos identificar la identidad del usuario individual y no pretendemos hacerlo. Utilizamos los datos recopilados \u00fanicamente con fines estad\u00edsticos, principalmente para ayudarnos a mejorar el contenido, el aspecto y la presentaci\u00f3n de nuestro sitio web. Tenga en cuenta que podemos recopilar los datos adicionales, tales como direcciones de correo electr\u00f3nico, n\u00fameros de tel\u00e9fono, direcciones postales y nombres, que nos proporcione voluntariamente al utilizar nuestro sitio web. Puede seguir abonando y utilizando nuestros servicios sin necesidad de facilitarnos dichos datos personales, ya sea accediendo a nuestros servicios con un seud\u00f3nimo o con datos anonimizados.    <\/p>\n<p novaref=\"4582288\" novatype=\"multi\">Cookies :<\/p>\n<p novaref=\"4582288\" novatype=\"multi\">Este sitio web utiliza cookies para recoger datos utilizados con fines estad\u00edsticos. Las cookies son peque\u00f1os archivos almacenados en el disco duro de su ordenador que monitorizan su actividad mientras utiliza nuestro sitio web, proporcionando as\u00ed datos \u00fatiles que nos ayudan a facilitar la navegaci\u00f3n. Cuando se almacenan cookies en su ordenador, no es necesario que introduzca todos los datos requeridos para utilizar este sitio web cada vez que lo visite. Estos datos nos permiten personalizar nuestro sitio web para que se ajuste a sus preferencias y necesidades espec\u00edficas, lo cual forma parte de nuestro trabajo para ofrecerle un acceso sin contratiempos a nuestros servicios y p\u00e1ginas. Si no desea que se almacenen cookies en su ordenador, puede utilizar la configuraci\u00f3n de su navegador para rechazar las cookies de nuestro sitio web. Para averiguar c\u00f3mo configurar su navegador para que administre las cookies, visite el centro de ayuda del navegador que est\u00e9 utilizando. En lo que respecta a las cookies ya almacenadas en su ordenador, puede eliminarlas en cualquier momento. Tenga en cuenta que desactivar las cookies puede restringir algunas funciones de nuestro sitio web y es posible que no disfrute de una experiencia totalmente optimizada.       <\/p>\n<p novaref=\"4582288\" novatype=\"multi\">Transmisi\u00f3n de datos a terceros:<\/p>\n<p novaref=\"4582288\" novatype=\"multi\">A menos que se indique lo contrario en esta declaraci\u00f3n, cualquier dato que comparta con nosotros o que recopilemos mientras utiliza nuestro sitio web se mantendr\u00e1 en secreto y no se compartir\u00e1 con terceros, salvo en situaciones en las que constituya una obligaci\u00f3n legal o cuando estos datos deban transmitirse con el fin de desarrollar la relaci\u00f3n contractual suscrita. Los socios y empresas de terceros, incluidos los proveedores de pagos en l\u00ednea, solo tendr\u00e1n acceso a estos datos cuando sea necesario para procesar su pedido. En tales casos, nos aseguramos de que el alcance de la transmisi\u00f3n de los datos se ajuste a los requisitos m\u00ednimos acordados. Tambi\u00e9n aplicamos una estricta pol\u00edtica de protecci\u00f3n de datos para cualquier dato personal que nos proporcione o con el que entremos en contacto. Nuestras acciones al respecto se ajustan a lo dispuesto en la legislaci\u00f3n de protecci\u00f3n de datos. No nos hacemos responsables de los datos que suministre a otros proveedores de servicios. Solamente tomamos medidas para asegurarnos de que cualquier dato compartido sobre usted por parte de otros proveedores de servicios cumpla los requisitos legales que rigen la protecci\u00f3n de datos y la privacidad, tal y como se especifica en nuestra pol\u00edtica de privacidad.      <\/p>\n<p novaref=\"4582288\" novatype=\"multi\">Google Analytics :<\/p>\n<p novaref=\"4582288\" novatype=\"multi\">Este sitio web utiliza Google Analytics, un servicio de an\u00e1lisis ofrecido por Google, que ayuda a los sitios web a descubrir c\u00f3mo personalizar las p\u00e1ginas con el fin de mejorar la experiencia del usuario. Este servicio utiliza cookies para rastrear sus acciones, incluidos el tiempo que pasa en nuestro sitio web y las p\u00e1ginas que visita. No se recopilan datos personales sobre usted a trav\u00e9s de nuestra cuenta de Google Analytics, lo que significa que no podemos identificar qui\u00e9n ha visitado nuestro sitio web. Puede obtener m\u00e1s informaci\u00f3n sobre Google Analytics en la p\u00e1gina oficial de Google Analytics.   <\/p>\n<p novaref=\"4582288\" novatype=\"multi\">Remarketing de Google Adwords:<\/p>\n<p novaref=\"4582288\" novatype=\"multi\">Utilizamos el remarketing de Google Adwords con fines publicitarios en Internet. El programa de remarketing de AdWords permite la presentaci\u00f3n de anuncios pertinentes basados en las p\u00e1ginas visitadas en nuestro sitio web. Esta informaci\u00f3n se recopila mediante una cookie instalada en su ordenador. ESTA COOKIE NO IDENTIFICAR\u00c1 NINGUNA INFORMACI\u00d3N PERSONAL NI PERMITIR\u00c1 EL ACCESO A SU ORDENADOR. Con el programa de remarketing de Google AdWords, podemos personalizar nuestro marketing para atender sus necesidades y mostrarle \u00fanicamente los anuncios que prefiera ver.    <\/p>\n<p novaref=\"4582288\" novatype=\"multi\">Facebook: p\u00edxel de audiencia personalizada (audiencia personalizada de su sitio web):<\/p>\n<p novaref=\"4582288\" novatype=\"multi\">Un p\u00edxel de audiencia personalizada de Facebook es un fragmento de c\u00f3digo JavaScript instalado en cada p\u00e1gina de nuestro sitio web que recopila y transmite datos definidos por el usuario al programa de marketing de Facebook. Utilizamos este servicio para recopilar datos sobre el comportamiento de los usuarios en nuestro sitio web. Algunos de los datos recopilados por el p\u00edxel incluyen la sesi\u00f3n del navegador del usuario, que se env\u00eda a Facebook acompa\u00f1ada de un ID de Facebook y la URL visitada por el usuario. Cada usuario de Facebook tiene un ID de Facebook \u00fanico, independiente del dispositivo, que nos ayuda a monitorizar a los usuarios de nuestro sitio web cuando acceden desde una amplia gama de dispositivos. Utilizamos estos datos con fines comerciales, espec\u00edficamente para segmentar los anuncios con la plataforma de anuncios de Facebook.    <\/p>\n<p novaref=\"4582288\" novatype=\"multi\">Bolet\u00edn electr\u00f3nico:<\/p>\n<p novaref=\"4582288\" novatype=\"multi\">Solamente puede recibir informaci\u00f3n publicitaria de nuestro bolet\u00edn electr\u00f3nico si nos ha autorizado a utilizar su direcci\u00f3n de correo electr\u00f3nico para este fin. Nuestro sitio web o sus afiliados nunca le enviar\u00e1n boletines o correos electr\u00f3nicos publicitarios a los que no se haya suscrito. Al suscribirse a nuestro bolet\u00edn electr\u00f3nico, puede elegir las \u00e1reas de su inter\u00e9s para recibir los correos electr\u00f3nicos pertinentes. Utilizamos estos datos, junto con sus datos personales, para compartir informaci\u00f3n de su inter\u00e9s. Si prefiere no recibir nuestro bolet\u00edn ni los correos electr\u00f3nicos publicitarios, puede hacer clic en el enlace situado en la parte inferior de cada mensaje de correo electr\u00f3nico para cancelar su suscripci\u00f3n.    <\/p>\n<p>[\/et_pb_text][\/et_pb_column][\/et_pb_row][\/et_pb_section]<\/p>\n","protected":false},"excerpt":{"rendered":"<p>Pol\u00edtica de PrivacidadPol\u00edtica de Privacidad Cuando visita nuestro sitio web, se recopilan diferentes conjuntos de informaci\u00f3n, entre ellos, la direcci\u00f3n IP desde la que accede al sitio web, la versi\u00f3n y el tipo de navegador web que utiliza para acceder al sitio web, el sistema operativo utilizado, los dominios de origen y la fecha y [&hellip;]<\/p>\n","protected":false},"author":2,"featured_media":0,"parent":0,"menu_order":0,"comment_status":"closed","ping_status":"closed","template":"","meta":{"_et_pb_use_builder":"on","_et_pb_old_content":"","_et_gb_content_width":"","footnotes":""},"class_list":["post-2796","page","type-page","status-publish","hentry"],"yoast_head":"<!-- This site is optimized with the Yoast SEO plugin v27.6 - https:\/\/yoast.com\/product\/yoast-seo-wordpress\/ -->\n<title>Pol\u00edtica de Privacidad - H\u00f4tel Roosevelt<\/title>\n<meta name=\"robots\" content=\"index, follow, max-snippet:-1, max-image-preview:large, max-video-preview:-1\" \/>\n<link rel=\"canonical\" href=\"https:\/\/hotel-roosevelt.com\/es\/politique-de-confidentialite\/\" \/>\n<meta property=\"og:locale\" content=\"es_ES\" \/>\n<meta property=\"og:type\" content=\"article\" \/>\n<meta property=\"og:title\" content=\"Pol\u00edtica de Privacidad - H\u00f4tel Roosevelt\" \/>\n<meta property=\"og:description\" content=\"Pol\u00edtica de PrivacidadPol\u00edtica de Privacidad Cuando visita nuestro sitio web, se recopilan diferentes conjuntos de informaci\u00f3n, entre ellos, la direcci\u00f3n IP desde la que accede al sitio web, la versi\u00f3n y el tipo de navegador web que utiliza para acceder al sitio web, el sistema operativo utilizado, los dominios de origen y la fecha y [&hellip;]\" \/>\n<meta property=\"og:url\" content=\"https:\/\/hotel-roosevelt.com\/es\/politique-de-confidentialite\/\" \/>\n<meta property=\"og:site_name\" content=\"H\u00f4tel Roosevelt\" \/>\n<meta property=\"article:modified_time\" content=\"2022-05-04T15:59:57+00:00\" \/>\n<meta name=\"twitter:card\" content=\"summary_large_image\" \/>\n<meta name=\"twitter:label1\" content=\"Est. reading time\" \/>\n\t<meta name=\"twitter:data1\" content=\"6 minutes\" \/>\n<script type=\"application\/ld+json\" class=\"yoast-schema-graph\">{\"@context\":\"https:\\\/\\\/schema.org\",\"@graph\":[{\"@type\":\"WebPage\",\"@id\":\"https:\\\/\\\/hotel-roosevelt.com\\\/es\\\/politique-de-confidentialite\\\/\",\"url\":\"https:\\\/\\\/hotel-roosevelt.com\\\/es\\\/politique-de-confidentialite\\\/\",\"name\":\"Pol\u00edtica de Privacidad - H\u00f4tel Roosevelt\",\"isPartOf\":{\"@id\":\"https:\\\/\\\/hotel-roosevelt.com\\\/#website\"},\"datePublished\":\"2021-12-09T16:16:01+00:00\",\"dateModified\":\"2022-05-04T15:59:57+00:00\",\"breadcrumb\":{\"@id\":\"https:\\\/\\\/hotel-roosevelt.com\\\/es\\\/politique-de-confidentialite\\\/#breadcrumb\"},\"inLanguage\":\"es-ES\",\"potentialAction\":[{\"@type\":\"ReadAction\",\"target\":[\"https:\\\/\\\/hotel-roosevelt.com\\\/es\\\/politique-de-confidentialite\\\/\"]}]},{\"@type\":\"BreadcrumbList\",\"@id\":\"https:\\\/\\\/hotel-roosevelt.com\\\/es\\\/politique-de-confidentialite\\\/#breadcrumb\",\"itemListElement\":[{\"@type\":\"ListItem\",\"position\":1,\"name\":\"Accueil\",\"item\":\"https:\\\/\\\/hotel-roosevelt.com\\\/\"},{\"@type\":\"ListItem\",\"position\":2,\"name\":\"Pol\u00edtica de Privacidad\"}]},{\"@type\":\"WebSite\",\"@id\":\"https:\\\/\\\/hotel-roosevelt.com\\\/#website\",\"url\":\"https:\\\/\\\/hotel-roosevelt.com\\\/\",\"name\":\"H\u00f4tel Roosevelt\",\"description\":\"SITIO OFICIAL | \u00a1Las mejores tarifas disponibles!\",\"potentialAction\":[{\"@type\":\"SearchAction\",\"target\":{\"@type\":\"EntryPoint\",\"urlTemplate\":\"https:\\\/\\\/hotel-roosevelt.com\\\/?s={search_term_string}\"},\"query-input\":{\"@type\":\"PropertyValueSpecification\",\"valueRequired\":true,\"valueName\":\"search_term_string\"}}],\"inLanguage\":\"es-ES\"}]}<\/script>\n<!-- \/ Yoast SEO plugin. -->","yoast_head_json":{"title":"Pol\u00edtica de Privacidad - H\u00f4tel Roosevelt","robots":{"index":"index","follow":"follow","max-snippet":"max-snippet:-1","max-image-preview":"max-image-preview:large","max-video-preview":"max-video-preview:-1"},"canonical":"https:\/\/hotel-roosevelt.com\/es\/politique-de-confidentialite\/","og_locale":"es_ES","og_type":"article","og_title":"Pol\u00edtica de Privacidad - H\u00f4tel Roosevelt","og_description":"Pol\u00edtica de PrivacidadPol\u00edtica de Privacidad Cuando visita nuestro sitio web, se recopilan diferentes conjuntos de informaci\u00f3n, entre ellos, la direcci\u00f3n IP desde la que accede al sitio web, la versi\u00f3n y el tipo de navegador web que utiliza para acceder al sitio web, el sistema operativo utilizado, los dominios de origen y la fecha y [&hellip;]","og_url":"https:\/\/hotel-roosevelt.com\/es\/politique-de-confidentialite\/","og_site_name":"H\u00f4tel Roosevelt","article_modified_time":"2022-05-04T15:59:57+00:00","twitter_card":"summary_large_image","twitter_misc":{"Est. reading time":"6 minutes"},"schema":{"@context":"https:\/\/schema.org","@graph":[{"@type":"WebPage","@id":"https:\/\/hotel-roosevelt.com\/es\/politique-de-confidentialite\/","url":"https:\/\/hotel-roosevelt.com\/es\/politique-de-confidentialite\/","name":"Pol\u00edtica de Privacidad - H\u00f4tel Roosevelt","isPartOf":{"@id":"https:\/\/hotel-roosevelt.com\/#website"},"datePublished":"2021-12-09T16:16:01+00:00","dateModified":"2022-05-04T15:59:57+00:00","breadcrumb":{"@id":"https:\/\/hotel-roosevelt.com\/es\/politique-de-confidentialite\/#breadcrumb"},"inLanguage":"es-ES","potentialAction":[{"@type":"ReadAction","target":["https:\/\/hotel-roosevelt.com\/es\/politique-de-confidentialite\/"]}]},{"@type":"BreadcrumbList","@id":"https:\/\/hotel-roosevelt.com\/es\/politique-de-confidentialite\/#breadcrumb","itemListElement":[{"@type":"ListItem","position":1,"name":"Accueil","item":"https:\/\/hotel-roosevelt.com\/"},{"@type":"ListItem","position":2,"name":"Pol\u00edtica de Privacidad"}]},{"@type":"WebSite","@id":"https:\/\/hotel-roosevelt.com\/#website","url":"https:\/\/hotel-roosevelt.com\/","name":"H\u00f4tel Roosevelt","description":"SITIO OFICIAL | \u00a1Las mejores tarifas disponibles!","potentialAction":[{"@type":"SearchAction","target":{"@type":"EntryPoint","urlTemplate":"https:\/\/hotel-roosevelt.com\/?s={search_term_string}"},"query-input":{"@type":"PropertyValueSpecification","valueRequired":true,"valueName":"search_term_string"}}],"inLanguage":"es-ES"}]}},"_links":{"self":[{"href":"https:\/\/hotel-roosevelt.com\/es\/wp-json\/wp\/v2\/pages\/2796","targetHints":{"allow":["GET"]}}],"collection":[{"href":"https:\/\/hotel-roosevelt.com\/es\/wp-json\/wp\/v2\/pages"}],"about":[{"href":"https:\/\/hotel-roosevelt.com\/es\/wp-json\/wp\/v2\/types\/page"}],"author":[{"embeddable":true,"href":"https:\/\/hotel-roosevelt.com\/es\/wp-json\/wp\/v2\/users\/2"}],"replies":[{"embeddable":true,"href":"https:\/\/hotel-roosevelt.com\/es\/wp-json\/wp\/v2\/comments?post=2796"}],"version-history":[{"count":0,"href":"https:\/\/hotel-roosevelt.com\/es\/wp-json\/wp\/v2\/pages\/2796\/revisions"}],"wp:attachment":[{"href":"https:\/\/hotel-roosevelt.com\/es\/wp-json\/wp\/v2\/media?parent=2796"}],"curies":[{"name":"wp","href":"https:\/\/api.w.org\/{rel}","templated":true}]}}